{"id":27,"date":"2022-06-29T20:51:38","date_gmt":"2022-06-29T20:51:38","guid":{"rendered":"https:\/\/shoesforcrews.pro\/fr\/?page_id=27"},"modified":"2024-10-01T10:09:02","modified_gmt":"2024-10-01T10:09:02","slug":"contact","status":"publish","type":"page","link":"https:\/\/shoesforcrews-staging.boudig.uk\/fr\/contact\/","title":{"rendered":"Contact"},"content":{"rendered":"<p>[vc_row full_width=\u00a0\u00bbstretch_row\u00a0\u00bb enable_fixed_background=\u00a0\u00bbtrue\u00a0\u00bb css=\u00a0\u00bb.vc_custom_1727777288617{background-image: url(https:\/\/shoesforcrews.pro\/fr\/wp-content\/uploads\/2024\/10\/Contact-SFC.webp?id=6207) !important;background-position: center !important;background-repeat: no-repeat !important;background-size: cover !important;}\u00a0\u00bb][vc_column][vc_column_text]<\/p>\n<h1 style=\"text-align: center;\"><span style=\"color: #ffffff; font-size: 24pt;\">Discutez avec nos experts et testez une paire !*<\/span><\/h1>\n<p style=\"text-align: center;\"><span style=\"color: #ffffff;\">Nous vous aiderons \u00e0 trouver des <strong>chaussures adapt\u00e9es aux besoins de vos employ\u00e9s<\/strong>. Notre \u00e9quipe vous apportera tout le soutien n\u00e9cessaire pour vous aider \u00e0 sensibiliser vos \u00e9quipes \u00e0 la s\u00fbret\u00e9 et \u00e0\u00a0<strong>atteindre vos objectifs de s\u00e9curit\u00e9 avec style !<\/strong><\/span><\/p>\n<p>[\/vc_column_text][vc_empty_space][vc_column_text]<\/p>\n<p style=\"text-align: center;\">\n\t\t\t\t\t\t<script>\n\t\t\t\t\t\t\twindow.hsFormsOnReady = window.hsFormsOnReady || [];\n\t\t\t\t\t\t\twindow.hsFormsOnReady.push(()=>{\n\t\t\t\t\t\t\t\thbspt.forms.create({\n\t\t\t\t\t\t\t\t\tportalId: 487275,\n\t\t\t\t\t\t\t\t\tformId: \"514d2281-53f8-4e6f-8e28-3c48f6dd0318\",\n\t\t\t\t\t\t\t\t\ttarget: \"#hbspt-form-1775695331000-7247468425\",\n\t\t\t\t\t\t\t\t\tregion: \"eu1\",\n\t\t\t\t\t\t\t\t\t\n\t\t\t\t\t\t\t})});\n\t\t\t\t\t\t<\/script>\n\t\t\t\t\t\t<div class=\"hbspt-form\" id=\"hbspt-form-1775695331000-7247468425\"><\/div>\n<p>[\/vc_column_text][vc_column_text]<span style=\"font-size: 10pt; color: #ffffff;\">*Shoes For Crews (Europe) Ltd. se r\u00e9serve le droit d&rsquo;\u00e9valuer votre demande et votre projet professionnel avant d&rsquo;accepter votre demande pour tester une paire de chaussures. Veuillez noter que cette offre n&rsquo;est pas valable pour les particuliers et clients de Shoes For Crews ; elle exclut \u00e9galement les chaussures de la gamme PUMA SAFETY.<\/span>[\/vc_column_text][\/vc_column][\/vc_row]<\/p>\n","protected":false},"excerpt":{"rendered":"<p>[vc_row full_width=\u00a0\u00bbstretch_row\u00a0\u00bb enable_fixed_background=\u00a0\u00bbtrue\u00a0\u00bb css=\u00a0\u00bb.vc_custom_1727777288617{background-image: url(https:\/\/shoesforcrews.pro\/fr\/wp-content\/uploads\/2024\/10\/Contact-SFC.webp?id=6207) !important;background-position: center !important;background-repeat: no-repeat !important;background-size: cover !important;}\u00a0\u00bb][vc_column][vc_column_text] Discutez avec nos experts et testez une paire !* Nous vous aiderons \u00e0 trouver des chaussures adapt\u00e9es aux besoins de vos employ\u00e9s. Notre \u00e9quipe vous apportera tout le soutien n\u00e9cessaire pour vous aider \u00e0 sensibiliser vos \u00e9quipes \u00e0 la s\u00fbret\u00e9 et \u00e0\u00a0atteindre vos [&hellip;]<\/p>\n","protected":false},"author":1,"featured_media":0,"parent":0,"menu_order":3,"comment_status":"closed","ping_status":"closed","template":"tpl-landing-page.php","meta":{"content-type":"","footnotes":""},"class_list":["post-27","page","type-page","status-publish","hentry"],"yoast_head":"<!-- This site is optimized with the Yoast SEO plugin v25.6 - https:\/\/yoast.com\/wordpress\/plugins\/seo\/ -->\n<title>Contactez-nous ! | Shoes For Crews<\/title>\n<meta name=\"robots\" content=\"noindex, follow, max-snippet:-1, max-image-preview:large, max-video-preview:-1\" \/>\n<meta property=\"og:locale\" content=\"fr_FR\" \/>\n<meta property=\"og:type\" content=\"article\" \/>\n<meta property=\"og:title\" content=\"Contactez-nous ! | Shoes For Crews\" \/>\n<meta property=\"og:description\" content=\"[vc_row full_width=\u00a0\u00bbstretch_row\u00a0\u00bb enable_fixed_background=\u00a0\u00bbtrue\u00a0\u00bb css=\u00a0\u00bb.vc_custom_1727777288617{background-image: url(https:\/\/shoesforcrews.pro\/fr\/wp-content\/uploads\/2024\/10\/Contact-SFC.webp?id=6207) !important;background-position: center !important;background-repeat: no-repeat !important;background-size: cover !important;}\u00a0\u00bb][vc_column][vc_column_text] Discutez avec nos experts et testez une paire !* Nous vous aiderons \u00e0 trouver des chaussures adapt\u00e9es aux besoins de vos employ\u00e9s. Notre \u00e9quipe vous apportera tout le soutien n\u00e9cessaire pour vous aider \u00e0 sensibiliser vos \u00e9quipes \u00e0 la s\u00fbret\u00e9 et \u00e0\u00a0atteindre vos [&hellip;]\" \/>\n<meta property=\"og:url\" content=\"https:\/\/shoesforcrews-staging.boudig.uk\/fr\/contact\/\" \/>\n<meta property=\"og:site_name\" content=\"Shoes For Crews FR\" \/>\n<meta property=\"article:modified_time\" content=\"2024-10-01T10:09:02+00:00\" \/>\n<meta name=\"twitter:card\" content=\"summary_large_image\" \/>\n<meta name=\"twitter:label1\" content=\"Dur\u00e9e de lecture estim\u00e9e\" \/>\n\t<meta name=\"twitter:data1\" content=\"1 minute\" \/>\n<script type=\"application\/ld+json\" class=\"yoast-schema-graph\">{\"@context\":\"https:\/\/schema.org\",\"@graph\":[{\"@type\":\"WebPage\",\"@id\":\"https:\/\/shoesforcrews-staging.boudig.uk\/fr\/contact\/\",\"url\":\"https:\/\/shoesforcrews-staging.boudig.uk\/fr\/contact\/\",\"name\":\"Contactez-nous ! | Shoes For Crews\",\"isPartOf\":{\"@id\":\"https:\/\/shoesforcrews-staging.boudig.uk\/fr\/#website\"},\"datePublished\":\"2022-06-29T20:51:38+00:00\",\"dateModified\":\"2024-10-01T10:09:02+00:00\",\"breadcrumb\":{\"@id\":\"https:\/\/shoesforcrews-staging.boudig.uk\/fr\/contact\/#breadcrumb\"},\"inLanguage\":\"fr-FR\",\"potentialAction\":[{\"@type\":\"ReadAction\",\"target\":[\"https:\/\/shoesforcrews-staging.boudig.uk\/fr\/contact\/\"]}]},{\"@type\":\"BreadcrumbList\",\"@id\":\"https:\/\/shoesforcrews-staging.boudig.uk\/fr\/contact\/#breadcrumb\",\"itemListElement\":[{\"@type\":\"ListItem\",\"position\":1,\"name\":\"Retour\",\"item\":\"https:\/\/shoesforcrews-staging.boudig.uk\/fr\/blog-sante-securite-travail\/\"},{\"@type\":\"ListItem\",\"position\":2,\"name\":\"Contact\"}]},{\"@type\":\"WebSite\",\"@id\":\"https:\/\/shoesforcrews-staging.boudig.uk\/fr\/#website\",\"url\":\"https:\/\/shoesforcrews-staging.boudig.uk\/fr\/\",\"name\":\"Shoes For Crews FR\",\"description\":\"\",\"publisher\":{\"@id\":\"https:\/\/shoesforcrews-staging.boudig.uk\/fr\/#organization\"},\"potentialAction\":[{\"@type\":\"SearchAction\",\"target\":{\"@type\":\"EntryPoint\",\"urlTemplate\":\"https:\/\/shoesforcrews-staging.boudig.uk\/fr\/?s={search_term_string}\"},\"query-input\":{\"@type\":\"PropertyValueSpecification\",\"valueRequired\":true,\"valueName\":\"search_term_string\"}}],\"inLanguage\":\"fr-FR\"},{\"@type\":\"Organization\",\"@id\":\"https:\/\/shoesforcrews-staging.boudig.uk\/fr\/#organization\",\"name\":\"Shoes For Crews FR\",\"url\":\"https:\/\/shoesforcrews-staging.boudig.uk\/fr\/\",\"logo\":{\"@type\":\"ImageObject\",\"inLanguage\":\"fr-FR\",\"@id\":\"https:\/\/shoesforcrews-staging.boudig.uk\/fr\/#\/schema\/logo\/image\/\",\"url\":\"https:\/\/shoesforcrews-staging.boudig.uk\/fr\/wp-content\/uploads\/2024\/09\/SFC-logo-blue-1.jpg\",\"contentUrl\":\"https:\/\/shoesforcrews-staging.boudig.uk\/fr\/wp-content\/uploads\/2024\/09\/SFC-logo-blue-1.jpg\",\"caption\":\"Shoes For Crews FR\"},\"image\":{\"@id\":\"https:\/\/shoesforcrews-staging.boudig.uk\/fr\/#\/schema\/logo\/image\/\"}}]}<\/script>\n<!-- \/ Yoast SEO plugin. -->","yoast_head_json":{"title":"Contactez-nous ! | Shoes For Crews","robots":{"index":"noindex","follow":"follow","max-snippet":"max-snippet:-1","max-image-preview":"max-image-preview:large","max-video-preview":"max-video-preview:-1"},"og_locale":"fr_FR","og_type":"article","og_title":"Contactez-nous ! | Shoes For Crews","og_description":"[vc_row full_width=\u00a0\u00bbstretch_row\u00a0\u00bb enable_fixed_background=\u00a0\u00bbtrue\u00a0\u00bb css=\u00a0\u00bb.vc_custom_1727777288617{background-image: url(https:\/\/shoesforcrews.pro\/fr\/wp-content\/uploads\/2024\/10\/Contact-SFC.webp?id=6207) !important;background-position: center !important;background-repeat: no-repeat !important;background-size: cover !important;}\u00a0\u00bb][vc_column][vc_column_text] Discutez avec nos experts et testez une paire !* Nous vous aiderons \u00e0 trouver des chaussures adapt\u00e9es aux besoins de vos employ\u00e9s. Notre \u00e9quipe vous apportera tout le soutien n\u00e9cessaire pour vous aider \u00e0 sensibiliser vos \u00e9quipes \u00e0 la s\u00fbret\u00e9 et \u00e0\u00a0atteindre vos [&hellip;]","og_url":"https:\/\/shoesforcrews-staging.boudig.uk\/fr\/contact\/","og_site_name":"Shoes For Crews FR","article_modified_time":"2024-10-01T10:09:02+00:00","twitter_card":"summary_large_image","twitter_misc":{"Dur\u00e9e de lecture estim\u00e9e":"1 minute"},"schema":{"@context":"https:\/\/schema.org","@graph":[{"@type":"WebPage","@id":"https:\/\/shoesforcrews-staging.boudig.uk\/fr\/contact\/","url":"https:\/\/shoesforcrews-staging.boudig.uk\/fr\/contact\/","name":"Contactez-nous ! | Shoes For Crews","isPartOf":{"@id":"https:\/\/shoesforcrews-staging.boudig.uk\/fr\/#website"},"datePublished":"2022-06-29T20:51:38+00:00","dateModified":"2024-10-01T10:09:02+00:00","breadcrumb":{"@id":"https:\/\/shoesforcrews-staging.boudig.uk\/fr\/contact\/#breadcrumb"},"inLanguage":"fr-FR","potentialAction":[{"@type":"ReadAction","target":["https:\/\/shoesforcrews-staging.boudig.uk\/fr\/contact\/"]}]},{"@type":"BreadcrumbList","@id":"https:\/\/shoesforcrews-staging.boudig.uk\/fr\/contact\/#breadcrumb","itemListElement":[{"@type":"ListItem","position":1,"name":"Retour","item":"https:\/\/shoesforcrews-staging.boudig.uk\/fr\/blog-sante-securite-travail\/"},{"@type":"ListItem","position":2,"name":"Contact"}]},{"@type":"WebSite","@id":"https:\/\/shoesforcrews-staging.boudig.uk\/fr\/#website","url":"https:\/\/shoesforcrews-staging.boudig.uk\/fr\/","name":"Shoes For Crews FR","description":"","publisher":{"@id":"https:\/\/shoesforcrews-staging.boudig.uk\/fr\/#organization"},"potentialAction":[{"@type":"SearchAction","target":{"@type":"EntryPoint","urlTemplate":"https:\/\/shoesforcrews-staging.boudig.uk\/fr\/?s={search_term_string}"},"query-input":{"@type":"PropertyValueSpecification","valueRequired":true,"valueName":"search_term_string"}}],"inLanguage":"fr-FR"},{"@type":"Organization","@id":"https:\/\/shoesforcrews-staging.boudig.uk\/fr\/#organization","name":"Shoes For Crews FR","url":"https:\/\/shoesforcrews-staging.boudig.uk\/fr\/","logo":{"@type":"ImageObject","inLanguage":"fr-FR","@id":"https:\/\/shoesforcrews-staging.boudig.uk\/fr\/#\/schema\/logo\/image\/","url":"https:\/\/shoesforcrews-staging.boudig.uk\/fr\/wp-content\/uploads\/2024\/09\/SFC-logo-blue-1.jpg","contentUrl":"https:\/\/shoesforcrews-staging.boudig.uk\/fr\/wp-content\/uploads\/2024\/09\/SFC-logo-blue-1.jpg","caption":"Shoes For Crews FR"},"image":{"@id":"https:\/\/shoesforcrews-staging.boudig.uk\/fr\/#\/schema\/logo\/image\/"}}]}},"_links":{"self":[{"href":"https:\/\/shoesforcrews-staging.boudig.uk\/fr\/wp-json\/wp\/v2\/pages\/27"}],"collection":[{"href":"https:\/\/shoesforcrews-staging.boudig.uk\/fr\/wp-json\/wp\/v2\/pages"}],"about":[{"href":"https:\/\/shoesforcrews-staging.boudig.uk\/fr\/wp-json\/wp\/v2\/types\/page"}],"author":[{"embeddable":true,"href":"https:\/\/shoesforcrews-staging.boudig.uk\/fr\/wp-json\/wp\/v2\/users\/1"}],"replies":[{"embeddable":true,"href":"https:\/\/shoesforcrews-staging.boudig.uk\/fr\/wp-json\/wp\/v2\/comments?post=27"}],"version-history":[{"count":11,"href":"https:\/\/shoesforcrews-staging.boudig.uk\/fr\/wp-json\/wp\/v2\/pages\/27\/revisions"}],"predecessor-version":[{"id":1714,"href":"https:\/\/shoesforcrews-staging.boudig.uk\/fr\/wp-json\/wp\/v2\/pages\/27\/revisions\/1714"}],"wp:attachment":[{"href":"https:\/\/shoesforcrews-staging.boudig.uk\/fr\/wp-json\/wp\/v2\/media?parent=27"}],"curies":[{"name":"wp","href":"https:\/\/api.w.org\/{rel}","templated":true}]}}