{"id":26,"date":"2022-06-29T21:25:42","date_gmt":"2022-06-29T21:25:37","guid":{"rendered":"https:\/\/shoesforcrews.pro\/fr\/?page_id=26"},"modified":"2025-11-19T16:54:47","modified_gmt":"2025-11-19T16:54:47","slug":"notre-technologie-securite","status":"publish","type":"page","link":"https:\/\/shoesforcrews-staging.boudig.uk\/fr\/a-propos\/notre-technologie-securite\/","title":{"rendered":"Notre technologie"},"content":{"rendered":"<p>[vc_row css_animation=\u00a0\u00bbfadeIn\u00a0\u00bb][vc_column width=\u00a0\u00bb1\/2&Prime;][vc_column_text]<\/p>\n<h2>Notre semelle ext\u00e9rieure brevet\u00e9e<\/h2>\n<hr \/>\n<p><span style=\"font-weight: 400;\">Des ann\u00e9es de recherche et de d\u00e9veloppement ont permis de mettre au point la technologie brevet\u00e9e de notre semelle ext\u00e9rieure, gr\u00e2ce \u00e0 laquelle nous avons pu nous positionner en tant que leader de la chaussure de s\u00e9curit\u00e9. Nos semelles ext\u00e9rieures disposent de l\u2019<strong>adh\u00e9rence<\/strong>, de la <strong>durabilit\u00e9<\/strong> et des <strong>caract\u00e9ristiques de s\u00e9curit\u00e9<\/strong> n\u00e9cessaires pour accomplir n\u2019importe quelle t\u00e2che, quel que soit le secteur d\u2019activit\u00e9s. Notre technologie est con\u00e7ue pour r\u00e9sister aux environnements de travail les plus rudes afin que vos \u00e9quipes puissent travailler en toute s\u00e9curit\u00e9.<\/span>[\/vc_column_text][\/vc_column][vc_column width=\u00a0\u00bb1\/2&Prime;][vc_video link=\u00a0\u00bbhttps:\/\/youtu.be\/58Sv0x5aL-c\u00a0\u00bb][\/vc_column][\/vc_row][vc_row full_width=\u00a0\u00bbstretch_row\u00a0\u00bb css_animation=\u00a0\u00bbfadeIn\u00a0\u00bb][vc_column][vc_column_text]<\/p>\n<h2 style=\"text-align: center;\"><span style=\"font-size: 18pt;\">Nos diff\u00e9rents mod\u00e8les de semelles antid\u00e9rapantes<\/span><\/h2>\n<p>[\/vc_column_text][vc_separator][\/vc_column][\/vc_row][vc_row full_width=\u00a0\u00bbstretch_row\u00a0\u00bb css_animation=\u00a0\u00bbfadeIn\u00a0\u00bb css=\u00a0\u00bb.vc_custom_1763048648494{padding-top: -20% !important;}\u00a0\u00bb][vc_column width=\u00a0\u00bb1\/3&Prime;][vc_column_text]<\/p>\n<h3><span style=\"font-size: 14pt;\"><strong>La semelle SFC<\/strong><\/span><\/h3>\n<p>Que ce soit dans l&rsquo;h\u00f4tellerie, les soins de sant\u00e9 ou le commerce de d\u00e9tail, les surfaces mouill\u00e9es ou huileuses peuvent rapidement devenir un danger pour les travailleurs \u00e0 chaque pas. La semelle SFC s\u00e9curisera chaque pas de votre journ\u00e9e de travail. Son excellente r\u00e9sistance au glissement d\u00e9passe largement la norme industrielle. Cela contribue \u00e0 pr\u00e9venir efficacement les accidents du travail caus\u00e9s par les glissades ou les chutes.[\/vc_column_text][vc_single_image image=\u00a0\u00bb3916&Prime; img_size=\u00a0\u00bbfull\u00a0\u00bb alignment=\u00a0\u00bbcenter\u00a0\u00bb][\/vc_column][vc_column width=\u00a0\u00bb1\/3&Prime;][vc_column_text]<\/p>\n<h3><span style=\"font-size: 14pt;\"><strong>La semelle ICE PRO<\/strong><\/span><\/h3>\n<p>La neige fondue et la glace mouill\u00e9e ou gel\u00e9e sont des conditions extr\u00eamement d\u00e9favorables pour un travail s\u00fbr. C&rsquo;est pr\u00e9cis\u00e9ment pourquoi nous avons d\u00e9velopp\u00e9 la semelle ICE PRO : avec sa structure unique et son m\u00e9lange de mat\u00e9riaux sophistiqu\u00e9, elle offre une adh\u00e9rence unique sur les surfaces glac\u00e9es.<\/p>\n<p>&nbsp;<\/p>\n<p>[\/vc_column_text][vc_single_image image=\u00a0\u00bb3917&Prime; img_size=\u00a0\u00bbfull\u00a0\u00bb alignment=\u00a0\u00bbcenter\u00a0\u00bb][\/vc_column][vc_column width=\u00a0\u00bb1\/3&Prime;][vc_column_text]<\/p>\n<h3><span style=\"font-size: 14pt;\"><strong>La semelle 4SG<\/strong><\/span><\/h3>\n<p>Pr\u00e9venir les accidents sur surfaces mouill\u00e9es, verglac\u00e9es et huileuses : notre semelle ext\u00e9rieure 4SG Four Seasons Grip est sp\u00e9cialement con\u00e7ue pour les surfaces et les environnements difficiles, quelles que soient les saisons et les conditions m\u00e9t\u00e9orologiques. Elle r\u00e9pond \u00e0 la norme DIN ISO 20344:2021 et d\u00e9passe les normes industrielles. Cette semelle ext\u00e9rieure offre d&rsquo;excellentes propri\u00e9t\u00e9s antid\u00e9rapantes, m\u00eame sur la glace ![\/vc_column_text][vc_single_image image=\u00a0\u00bb3918&Prime; img_size=\u00a0\u00bbfull\u00a0\u00bb alignment=\u00a0\u00bbcenter\u00a0\u00bb][\/vc_column][\/vc_row][vc_row equal_height=\u00a0\u00bbyes\u00a0\u00bb css_animation=\u00a0\u00bbfadeIn\u00a0\u00bb][vc_column][vc_column_text]<\/p>\n<h2 style=\"text-align: center;\"><span style=\"font-size: 18pt;\">V\u00e9rifiez par vous-m\u00eame<\/span><\/h2>\n<hr \/>\n<p style=\"text-align: center;\">Survoler chaque num\u00e9ro avec le curseur de votre souris afin d\u2019en savoir plus<\/p>\n<p>[\/vc_column_text]<div class='vc-dyn-image_and_text'><div class='vc-dyn-image_and_text__image'><div class='vc-dyn-image_and_text__img_container'><span class='img_container__btn' data-id='1'>1<\/span><span class='img_container__btn' data-id='2'>2<\/span><span class='img_container__btn' data-id='3'>3<\/span><span class='img_container__btn' data-id='4'>4<\/span><span class='img_container__btn' data-id='5'>5<\/span><span class='img_container__btn' data-id='6'>6<\/span><span class='img_container__btn' data-id='7'>7<\/span><img alt='' title='Catalog' src='https:\/\/shoesforcrews-staging.boudig.uk\/fr\/wp-content\/uploads\/2022\/10\/Fergus-denim2.png'\/><\/div><\/div><div class='vc-dyn-image_and_text__content'><div class='content-container__content-item' data-id='1'><h2> \n1. SEMELLE EXT\u00c9RIEURE ANTID\u00c9RAPANTE SHOES FOR CREWS :\n<\/h2>\n<p>Le succ\u00e8s de nos semelles ext\u00e9rieures repose sur notre technologie antid\u00e9rapante de pointe. Nous continuons d\u2019innover en tenant compte de l\u2019avis de nos millions de clients fid\u00e8les qui portent nos chaussures de s\u00e9curit\u00e9 de qualit\u00e9 au quotidien.<\/p><\/div><div class='content-container__content-item' data-id='2'><h2>2. SYST\u00c8ME ANTI-OBSTRUCTION :<\/h2>\n<p>Nos semelles ext\u00e9rieures anti-obstruction offrent une surface de contact optimale avec le sol et comportent des motifs espac\u00e9s de fa\u00e7on \u00e0 limiter la quantit\u00e9 de r\u00e9sidus pouvant rester coinc\u00e9s entre les rainures. Elles sont ainsi plus faciles \u00e0 nettoyer et emp\u00eachent la prolif\u00e9ration de substances contaminantes, tout en garantissant une bonne adh\u00e9rence.<\/p><\/div><div class='content-container__content-item' data-id='3'><h2>3. EMBOUT DE S\u00c9CURIT\u00c9 :<\/h2>\n<p>La s\u00e9curit\u00e9 est primordiale. Nous proposons un large choix de bottes de travail avec embouts de protection en aluminium, en acier, en composite et en nanocomposite. Toutes les chaussures Shoes For Crews avec embout de protection respectent ou surpassent les normes en vigueur dans le secteur afin que vous puissiez accomplir votre travail en toute s\u00e9curit\u00e9.<\/p><\/div><div class='content-container__content-item' data-id='4'><h2>4. SYST\u00c8ME ANTI-TR\u00c9BUCHEMENT TRIPGUARD :<\/h2>\n<p>De gros motifs \u00e0 l\u2019avant de la chaussure repr\u00e9sentent un risque de tr\u00e9buchement, c\u2019est pourquoi nous avons mis au point notre technologie TripGuard : une pointe l\u00e9g\u00e8rement courb\u00e9e et des rainures resserr\u00e9es qui facilitent les d\u00e9placements entre diff\u00e9rentes surfaces, des rev\u00eatements lisses aux surfaces glissantes, en passant par la moquette et le carrelage. Technologie disponible exclusivement chez Shoes For Crews.<\/p><\/div><div class='content-container__content-item' data-id='5'><h2>5. HYDROFUGE :<\/h2>\n<p>Qui souhaite travailler dans des chaussures mouill\u00e9es ? Personne. Toutes nos chaussures sont r\u00e9sistantes \u00e0 l\u2019eau. Que ce soit gr\u00e2ce \u00e0 la membrane interne ou externe, les chaussures Shoes For Crews vous offrent le degr\u00e9 d\u2019imperm\u00e9abilisation dont vous avez besoin pour travailler confortablement. <\/p><\/div><div class='content-container__content-item' data-id='6'><h2>6.  PROTECTION ANTI-PROJECTION SPILLGUARD :<\/h2>\n<p>Des \u00e9claboussures de liquide chaud arrivent vite et peuvent entra\u00eener des br\u00fblures. C\u2019est pourquoi, nous avons cr\u00e9\u00e9 SpillGuard : une membrane de protection int\u00e9gr\u00e9e qui permet de r\u00e9duire le risque de blessure.<\/p><\/div><div class='content-container__content-item' data-id='7'><h2>7. CONFORT ABSOLU :<\/h2>\n<p>Pour une chaussure de travail, le confort est une caract\u00e9ristique tout aussi importante que la s\u00e9curit\u00e9. Nous savons que vous travaillez dur, c\u2019est pourquoi nous sommes sans cesse \u00e0 la recherche de solutions novatrices visant \u00e0 am\u00e9liorer le confort de vos chaussures.<\/p><\/div><\/div><\/div>[vc_empty_space][\/vc_column][\/vc_row][vc_row full_width=\u00a0\u00bbstretch_row\u00a0\u00bb css_animation=\u00a0\u00bbfadeIn\u00a0\u00bb][vc_column][vc_column_text]<\/p>\n<h2 style=\"text-align: center;\"><span style=\"font-weight: 400; font-size: 18pt;\">Quand la s\u00e9curit\u00e9 et le confort ne font qu\u2019un<\/span><\/h2>\n<hr \/>\n<p style=\"text-align: center;\"><span style=\"font-weight: 400;\">Pour une chaussure de travail, le confort est une caract\u00e9ristique tout aussi importante que la s\u00e9curit\u00e9. Nous sommes sans cesse \u00e0 la recherche de solutions novatrices visant \u00e0 am\u00e9liorer le confort de nos chaussures pour permettre \u00e0 vos \u00e9quipes de travailler dans de meilleures conditions et de donner le meilleur d\u2019elles-m\u00eames. Voici les trois facteurs cl\u00e9s qui nous distinguent de la concurrence\u00a0:<\/span><\/p>\n<p>[\/vc_column_text][\/vc_column][\/vc_row][vc_row full_width=\u00a0\u00bbstretch_row\u00a0\u00bb css_animation=\u00a0\u00bbfadeIn\u00a0\u00bb][vc_column width=\u00a0\u00bb1\/3&Prime;]<div class=\"vc-image-text--icon--left--70-30\"><div class=\"vc-image-text__image-container\"><img decoding=\"async\" class=\"vc-image-text__image\" src=\"https:\/\/shoesforcrews-staging.boudig.uk\/fr\/wp-content\/uploads\/2025\/11\/checkmark.webp\" alt=\"\" title=\"\" \/><\/div><div class=\"vc-image-text__text\"><p>LE DESIGN DE NOS SEMELLES<\/p><\/div><\/div>[\/vc_column][vc_column width=\u00a0\u00bb1\/3&Prime;]<div class=\"vc-image-text--icon--left--70-30\"><div class=\"vc-image-text__image-container\"><img decoding=\"async\" class=\"vc-image-text__image\" src=\"https:\/\/shoesforcrews-staging.boudig.uk\/fr\/wp-content\/uploads\/2025\/11\/checkmark.webp\" alt=\"\" title=\"\" \/><\/div><div class=\"vc-image-text__text\"><p>NOS TECHNOLOGIES BREVET\u00c9ES<\/p><\/div><\/div>[\/vc_column][vc_column width=\u00a0\u00bb1\/3&Prime;]<div class=\"vc-image-text--icon--left--70-30\"><div class=\"vc-image-text__image-container\"><img decoding=\"async\" class=\"vc-image-text__image\" src=\"https:\/\/shoesforcrews-staging.boudig.uk\/fr\/wp-content\/uploads\/2025\/11\/checkmark.webp\" alt=\"\" title=\"\" \/><\/div><div class=\"vc-image-text__text\"><p>NOTRE PROC\u00c9D\u00c9 DE FABRICATION<\/p><\/div><\/div>[\/vc_column][\/vc_row][vc_row full_width=\u00a0\u00bbstretch_row\u00a0\u00bb css_animation=\u00a0\u00bbfadeIn\u00a0\u00bb enable_fixed_background=\u00a0\u00bbtrue\u00a0\u00bb css=\u00a0\u00bb.vc_custom_1728069659940{background-image: url(https:\/\/shoesforcrews.pro\/wp-content\/uploads\/2022\/06\/increase-safety-shoes-for-crews.jpg?id=1232) !important;background-position: center !important;background-repeat: no-repeat !important;background-size: cover !important;}\u00a0\u00bb][vc_column][vc_column_text]<\/p>\n<h3 style=\"text-align: center;\"><span style=\"font-size: 18pt; color: #ffffff;\">Discutez avec nos experts !*<\/span><\/h3>\n<p style=\"text-align: center;\"><span style=\"color: #ffffff;\">Nous vous aiderons \u00e0 trouver des chaussures adapt\u00e9es aux besoins de vos employ\u00e9s. Notre \u00e9quipe vous apportera tout le soutien n\u00e9cessaire pour vous aider \u00e0 sensibiliser vos \u00e9quipes \u00e0 la s\u00fbret\u00e9 et \u00e0\u00a0<strong>atteindre vos objectifs de s\u00e9curit\u00e9 avec style !<\/strong><\/span><\/p>\n<p>[\/vc_column_text][vc_column_text]\n\t\t\t\t\t\t<script>\n\t\t\t\t\t\t\twindow.hsFormsOnReady = window.hsFormsOnReady || [];\n\t\t\t\t\t\t\twindow.hsFormsOnReady.push(()=>{\n\t\t\t\t\t\t\t\thbspt.forms.create({\n\t\t\t\t\t\t\t\t\tportalId: 487275,\n\t\t\t\t\t\t\t\t\tformId: \"6bcb9c73-c42d-4ceb-818b-479bc2ef18c1\",\n\t\t\t\t\t\t\t\t\ttarget: \"#hbspt-form-1775475219000-6435211900\",\n\t\t\t\t\t\t\t\t\tregion: \"eu1\",\n\t\t\t\t\t\t\t\t\t\n\t\t\t\t\t\t\t})});\n\t\t\t\t\t\t<\/script>\n\t\t\t\t\t\t<div class=\"hbspt-form\" id=\"hbspt-form-1775475219000-6435211900\"><\/div>[\/vc_column_text][vc_column_text]<span style=\"font-size: 10pt; color: #ffffff;\">*Shoes For Crews (Europe) Ltd. se r\u00e9serve le droit d&rsquo;\u00e9valuer votre demande et votre projet professionnel avant d&rsquo;accepter votre demande pour tester une paire de chaussures. Veuillez noter que cette offre n&rsquo;est pas valable pour les particuliers et clients de Shoes For Crews ; elle exclut \u00e9galement les chaussures de la gamme PUMA SAFETY.<\/span>[\/vc_column_text][\/vc_column][\/vc_row]<\/p>\n","protected":false},"excerpt":{"rendered":"<p>[vc_row css_animation=\u00a0\u00bbfadeIn\u00a0\u00bb][vc_column width=\u00a0\u00bb1\/2&Prime;][vc_column_text] Notre semelle ext\u00e9rieure brevet\u00e9e Des ann\u00e9es de recherche et de d\u00e9veloppement ont permis de mettre au point la technologie brevet\u00e9e de notre semelle ext\u00e9rieure, gr\u00e2ce \u00e0 laquelle nous avons pu nous positionner en tant que leader de la chaussure de s\u00e9curit\u00e9. Nos semelles ext\u00e9rieures disposent de l\u2019adh\u00e9rence, de la durabilit\u00e9 et des [&hellip;]<\/p>\n","protected":false},"author":1,"featured_media":0,"parent":951,"menu_order":1,"comment_status":"closed","ping_status":"closed","template":"tpl-landing-page.php","meta":{"content-type":"","footnotes":""},"class_list":["post-26","page","type-page","status-publish","hentry"],"yoast_head":"<!-- This site is optimized with the Yoast SEO plugin v25.6 - https:\/\/yoast.com\/wordpress\/plugins\/seo\/ -->\n<title>Notre technologie | Shoes For Crews<\/title>\n<meta name=\"description\" content=\"D\u00e9couvrez ce qui rend nos chaussures de travail antid\u00e9rapantes uniques en explorant la technologie et l\u2019innovation impliqu\u00e9es dans leur conception.\" \/>\n<meta name=\"robots\" content=\"noindex, follow, max-snippet:-1, max-image-preview:large, max-video-preview:-1\" \/>\n<meta property=\"og:locale\" content=\"fr_FR\" \/>\n<meta property=\"og:type\" content=\"article\" \/>\n<meta property=\"og:title\" content=\"Notre technologie | Shoes For Crews\" \/>\n<meta property=\"og:description\" content=\"D\u00e9couvrez ce qui rend nos chaussures de travail antid\u00e9rapantes uniques en explorant la technologie et l\u2019innovation impliqu\u00e9es dans leur conception.\" \/>\n<meta property=\"og:url\" content=\"https:\/\/shoesforcrews-staging.boudig.uk\/fr\/a-propos\/notre-technologie-securite\/\" \/>\n<meta property=\"og:site_name\" content=\"Shoes For Crews FR\" \/>\n<meta property=\"article:modified_time\" content=\"2025-11-19T16:54:47+00:00\" \/>\n<meta name=\"twitter:card\" content=\"summary_large_image\" \/>\n<meta name=\"twitter:label1\" content=\"Dur\u00e9e de lecture estim\u00e9e\" \/>\n\t<meta name=\"twitter:data1\" content=\"3 minutes\" \/>\n<script type=\"application\/ld+json\" class=\"yoast-schema-graph\">{\"@context\":\"https:\/\/schema.org\",\"@graph\":[{\"@type\":\"WebPage\",\"@id\":\"https:\/\/shoesforcrews-staging.boudig.uk\/fr\/a-propos\/notre-technologie-securite\/\",\"url\":\"https:\/\/shoesforcrews-staging.boudig.uk\/fr\/a-propos\/notre-technologie-securite\/\",\"name\":\"Notre technologie | Shoes For Crews\",\"isPartOf\":{\"@id\":\"https:\/\/shoesforcrews-staging.boudig.uk\/fr\/#website\"},\"datePublished\":\"2022-06-29T21:25:37+00:00\",\"dateModified\":\"2025-11-19T16:54:47+00:00\",\"description\":\"D\u00e9couvrez ce qui rend nos chaussures de travail antid\u00e9rapantes uniques en explorant la technologie et l\u2019innovation impliqu\u00e9es dans leur conception.\",\"breadcrumb\":{\"@id\":\"https:\/\/shoesforcrews-staging.boudig.uk\/fr\/a-propos\/notre-technologie-securite\/#breadcrumb\"},\"inLanguage\":\"fr-FR\",\"potentialAction\":[{\"@type\":\"ReadAction\",\"target\":[\"https:\/\/shoesforcrews-staging.boudig.uk\/fr\/a-propos\/notre-technologie-securite\/\"]}]},{\"@type\":\"BreadcrumbList\",\"@id\":\"https:\/\/shoesforcrews-staging.boudig.uk\/fr\/a-propos\/notre-technologie-securite\/#breadcrumb\",\"itemListElement\":[{\"@type\":\"ListItem\",\"position\":1,\"name\":\"Retour\",\"item\":\"https:\/\/shoesforcrews-staging.boudig.uk\/fr\/blog-sante-securite-travail\/\"},{\"@type\":\"ListItem\",\"position\":2,\"name\":\"\u00c0 propos\",\"item\":\"https:\/\/shoesforcrews-staging.boudig.uk\/fr\/a-propos\/\"},{\"@type\":\"ListItem\",\"position\":3,\"name\":\"Notre technologie\"}]},{\"@type\":\"WebSite\",\"@id\":\"https:\/\/shoesforcrews-staging.boudig.uk\/fr\/#website\",\"url\":\"https:\/\/shoesforcrews-staging.boudig.uk\/fr\/\",\"name\":\"Shoes For Crews FR\",\"description\":\"\",\"publisher\":{\"@id\":\"https:\/\/shoesforcrews-staging.boudig.uk\/fr\/#organization\"},\"potentialAction\":[{\"@type\":\"SearchAction\",\"target\":{\"@type\":\"EntryPoint\",\"urlTemplate\":\"https:\/\/shoesforcrews-staging.boudig.uk\/fr\/?s={search_term_string}\"},\"query-input\":{\"@type\":\"PropertyValueSpecification\",\"valueRequired\":true,\"valueName\":\"search_term_string\"}}],\"inLanguage\":\"fr-FR\"},{\"@type\":\"Organization\",\"@id\":\"https:\/\/shoesforcrews-staging.boudig.uk\/fr\/#organization\",\"name\":\"Shoes For Crews FR\",\"url\":\"https:\/\/shoesforcrews-staging.boudig.uk\/fr\/\",\"logo\":{\"@type\":\"ImageObject\",\"inLanguage\":\"fr-FR\",\"@id\":\"https:\/\/shoesforcrews-staging.boudig.uk\/fr\/#\/schema\/logo\/image\/\",\"url\":\"https:\/\/shoesforcrews-staging.boudig.uk\/fr\/wp-content\/uploads\/2024\/09\/SFC-logo-blue-1.jpg\",\"contentUrl\":\"https:\/\/shoesforcrews-staging.boudig.uk\/fr\/wp-content\/uploads\/2024\/09\/SFC-logo-blue-1.jpg\",\"caption\":\"Shoes For Crews FR\"},\"image\":{\"@id\":\"https:\/\/shoesforcrews-staging.boudig.uk\/fr\/#\/schema\/logo\/image\/\"}}]}<\/script>\n<!-- \/ Yoast SEO plugin. -->","yoast_head_json":{"title":"Notre technologie | Shoes For Crews","description":"D\u00e9couvrez ce qui rend nos chaussures de travail antid\u00e9rapantes uniques en explorant la technologie et l\u2019innovation impliqu\u00e9es dans leur conception.","robots":{"index":"noindex","follow":"follow","max-snippet":"max-snippet:-1","max-image-preview":"max-image-preview:large","max-video-preview":"max-video-preview:-1"},"og_locale":"fr_FR","og_type":"article","og_title":"Notre technologie | Shoes For Crews","og_description":"D\u00e9couvrez ce qui rend nos chaussures de travail antid\u00e9rapantes uniques en explorant la technologie et l\u2019innovation impliqu\u00e9es dans leur conception.","og_url":"https:\/\/shoesforcrews-staging.boudig.uk\/fr\/a-propos\/notre-technologie-securite\/","og_site_name":"Shoes For Crews FR","article_modified_time":"2025-11-19T16:54:47+00:00","twitter_card":"summary_large_image","twitter_misc":{"Dur\u00e9e de lecture estim\u00e9e":"3 minutes"},"schema":{"@context":"https:\/\/schema.org","@graph":[{"@type":"WebPage","@id":"https:\/\/shoesforcrews-staging.boudig.uk\/fr\/a-propos\/notre-technologie-securite\/","url":"https:\/\/shoesforcrews-staging.boudig.uk\/fr\/a-propos\/notre-technologie-securite\/","name":"Notre technologie | Shoes For Crews","isPartOf":{"@id":"https:\/\/shoesforcrews-staging.boudig.uk\/fr\/#website"},"datePublished":"2022-06-29T21:25:37+00:00","dateModified":"2025-11-19T16:54:47+00:00","description":"D\u00e9couvrez ce qui rend nos chaussures de travail antid\u00e9rapantes uniques en explorant la technologie et l\u2019innovation impliqu\u00e9es dans leur conception.","breadcrumb":{"@id":"https:\/\/shoesforcrews-staging.boudig.uk\/fr\/a-propos\/notre-technologie-securite\/#breadcrumb"},"inLanguage":"fr-FR","potentialAction":[{"@type":"ReadAction","target":["https:\/\/shoesforcrews-staging.boudig.uk\/fr\/a-propos\/notre-technologie-securite\/"]}]},{"@type":"BreadcrumbList","@id":"https:\/\/shoesforcrews-staging.boudig.uk\/fr\/a-propos\/notre-technologie-securite\/#breadcrumb","itemListElement":[{"@type":"ListItem","position":1,"name":"Retour","item":"https:\/\/shoesforcrews-staging.boudig.uk\/fr\/blog-sante-securite-travail\/"},{"@type":"ListItem","position":2,"name":"\u00c0 propos","item":"https:\/\/shoesforcrews-staging.boudig.uk\/fr\/a-propos\/"},{"@type":"ListItem","position":3,"name":"Notre technologie"}]},{"@type":"WebSite","@id":"https:\/\/shoesforcrews-staging.boudig.uk\/fr\/#website","url":"https:\/\/shoesforcrews-staging.boudig.uk\/fr\/","name":"Shoes For Crews FR","description":"","publisher":{"@id":"https:\/\/shoesforcrews-staging.boudig.uk\/fr\/#organization"},"potentialAction":[{"@type":"SearchAction","target":{"@type":"EntryPoint","urlTemplate":"https:\/\/shoesforcrews-staging.boudig.uk\/fr\/?s={search_term_string}"},"query-input":{"@type":"PropertyValueSpecification","valueRequired":true,"valueName":"search_term_string"}}],"inLanguage":"fr-FR"},{"@type":"Organization","@id":"https:\/\/shoesforcrews-staging.boudig.uk\/fr\/#organization","name":"Shoes For Crews FR","url":"https:\/\/shoesforcrews-staging.boudig.uk\/fr\/","logo":{"@type":"ImageObject","inLanguage":"fr-FR","@id":"https:\/\/shoesforcrews-staging.boudig.uk\/fr\/#\/schema\/logo\/image\/","url":"https:\/\/shoesforcrews-staging.boudig.uk\/fr\/wp-content\/uploads\/2024\/09\/SFC-logo-blue-1.jpg","contentUrl":"https:\/\/shoesforcrews-staging.boudig.uk\/fr\/wp-content\/uploads\/2024\/09\/SFC-logo-blue-1.jpg","caption":"Shoes For Crews FR"},"image":{"@id":"https:\/\/shoesforcrews-staging.boudig.uk\/fr\/#\/schema\/logo\/image\/"}}]}},"_links":{"self":[{"href":"https:\/\/shoesforcrews-staging.boudig.uk\/fr\/wp-json\/wp\/v2\/pages\/26"}],"collection":[{"href":"https:\/\/shoesforcrews-staging.boudig.uk\/fr\/wp-json\/wp\/v2\/pages"}],"about":[{"href":"https:\/\/shoesforcrews-staging.boudig.uk\/fr\/wp-json\/wp\/v2\/types\/page"}],"author":[{"embeddable":true,"href":"https:\/\/shoesforcrews-staging.boudig.uk\/fr\/wp-json\/wp\/v2\/users\/1"}],"replies":[{"embeddable":true,"href":"https:\/\/shoesforcrews-staging.boudig.uk\/fr\/wp-json\/wp\/v2\/comments?post=26"}],"version-history":[{"count":32,"href":"https:\/\/shoesforcrews-staging.boudig.uk\/fr\/wp-json\/wp\/v2\/pages\/26\/revisions"}],"predecessor-version":[{"id":2236,"href":"https:\/\/shoesforcrews-staging.boudig.uk\/fr\/wp-json\/wp\/v2\/pages\/26\/revisions\/2236"}],"up":[{"embeddable":true,"href":"https:\/\/shoesforcrews-staging.boudig.uk\/fr\/wp-json\/wp\/v2\/pages\/951"}],"wp:attachment":[{"href":"https:\/\/shoesforcrews-staging.boudig.uk\/fr\/wp-json\/wp\/v2\/media?parent=26"}],"curies":[{"name":"wp","href":"https:\/\/api.w.org\/{rel}","templated":true}]}}