{"id":25,"date":"2022-07-01T10:20:32","date_gmt":"2022-07-01T10:20:32","guid":{"rendered":"https:\/\/shoesforcrews.pro\/fr\/?page_id=25"},"modified":"2025-11-13T15:38:11","modified_gmt":"2025-11-13T15:38:11","slug":"notre-histoire","status":"publish","type":"page","link":"https:\/\/shoesforcrews-staging.boudig.uk\/fr\/a-propos\/notre-histoire\/","title":{"rendered":"Notre histoire"},"content":{"rendered":"<p>[vc_row css_animation=\u00a0\u00bbfadeIn\u00a0\u00bb][vc_column width=\u00a0\u00bb1\/2&Prime;][vc_single_image image=\u00a0\u00bb1602&Prime; img_size=\u00a0\u00bbfull\u00a0\u00bb][\/vc_column][vc_column width=\u00a0\u00bb1\/2&Prime;][vc_column_text el_id=\u00a0\u00bbabout\u00a0\u00bb]<\/p>\n<h2><span style=\"font-weight: 400; font-size: 18pt;\">Naissance de Shoes For Crews<\/span><\/h2>\n<hr \/>\n<p><span style=\"font-weight: 400;\">Il y a plus de 35\u00a0ans, notre fondateur Stan Smith, ayant observ\u00e9 une augmentation du nombre de blessures au travail dues aux glissades et aux chutes, a identifi\u00e9 la n\u00e9cessit\u00e9 de d\u00e9velopper une solution pour r\u00e9pondre \u00e0 ce probl\u00e8me.<\/span><\/p>\n<p><span style=\"font-weight: 400;\">En 1984, la marque Shoes For Crews est n\u00e9e et notre technologie antid\u00e9rapante utilis\u00e9e pour nos semelles ext\u00e9rieures fut invent\u00e9e. Depuis ce jour, nous avons assur\u00e9 la protection de millions de travailleurs et nous avons permis \u00e0 des milliers d\u2019entreprises du monde entier d\u2019\u00e9viter de payer des frais d&rsquo;indemnit\u00e9s.<\/span><\/p>\n<p><span style=\"font-weight: 400;\">Avec plus de 280 mod\u00e8les de chaussures \u2013 sportives, d\u00e9contract\u00e9es, habill\u00e9es et de s\u00e9curit\u00e9 \u2013 pour homme et femme, Shoes For Crews est aujourd\u2019hui le leader incontest\u00e9 dans le secteur des chaussures de s\u00e9curit\u00e9 antid\u00e9rapantes : plus de 150 000 entreprises dans le monde lui font confiance. Nous nous engageons \u00e0 fournir des chaussures de qualit\u00e9 \u00e0 l\u2019ensemble de vos \u00e9quipes pour garantir leur s\u00e9curit\u00e9 en toute circonstance !<\/span>[\/vc_column_text][\/vc_column][\/vc_row][vc_row full_width=\u00a0\u00bbstretch_row\u00a0\u00bb css_animation=\u00a0\u00bbfadeIn\u00a0\u00bb css=\u00a0\u00bb.vc_custom_1763048290626{background-position: center !important;background-repeat: no-repeat !important;background-size: cover !important;}\u00a0\u00bb][vc_column][vc_column_text css=\u00a0\u00bb.vc_custom_1669298488279{margin-bottom: 0px !important;}\u00a0\u00bb]<\/p>\n<h2><span style=\"font-weight: 400; font-size: 18pt;\">Acc\u00e8s au march\u00e9 europ\u00e9en<\/span><\/h2>\n<hr \/>\n<p><span style=\"font-weight: 400;\">En 2001,<\/span> <span style=\"font-weight: 400;\">Shoes For Crews (Europe) Ltd. a vu le jour \u00e0 Shannon (Irlande) dans le but de commercialiser une large gamme de chaussures antid\u00e9rapantes sur le march\u00e9 europ\u00e9en.<br \/>\n<\/span><span style=\"font-weight: 400;\">L\u2019entreprise a continu\u00e9 de se d\u00e9velopper et, \u00e0 la fin des ann\u00e9es\u00a02000, nous avons recrut\u00e9 et implant\u00e9 de talentueuses \u00e9quipes commerciales en Allemagne, au Royaume-Uni et en France.<br \/>\n<\/span><span style=\"font-weight: 400;\">En 2011, afin de r\u00e9pondre aux besoins de l\u2019effectif croissant du site de Shannon, l\u2019\u00e9quipe s\u2019est install\u00e9e dans de nouveaux locaux plus spacieux. En parall\u00e8le, l\u2019entreprise a \u00e9galement transf\u00e9r\u00e9 et \u00e9tendu son centre de distribution europ\u00e9en \u00e0 Shannon.<br \/>\n<\/span><span style=\"font-weight: 400;\">Depuis 2010, le catalogue de chaussures de Shoes For Crews (Europe) Ltd. est disponible dans trois langues diff\u00e9rentes (anglais, allemand et fran\u00e7ais) et l\u2019entreprise dispose d\u2019un service client polyglotte \u00e0 Shannon pour r\u00e9pondre aux besoins de ces pays. En 2013, Shoes For Crews (Europe) Ltd. a transf\u00e9r\u00e9 son centre de distribution \u00e0 Venlo (Pays-Bas) pour mieux accompagner son activit\u00e9 europ\u00e9enne croissante.<br \/>\n<\/span><span style=\"font-weight: 400;\">En 2017, Shoes For Crews a agrandi son service client pour couvrir le march\u00e9 n\u00e9erlandais et a implant\u00e9 une \u00e9quipe commerciale aux Pays-Bas. Nous avons \u00e9galement commenc\u00e9 \u00e0 distribuer une version n\u00e9erlandaise de notre catalogue de vente afin d&rsquo;am\u00e9liorer notre service client.<br \/>\n<\/span><span style=\"font-weight: 400;\">Avec ses \u00e9quipes de vente et d\u2019assistance commerciale, Shoes For Crews (Europe) Ltd. continue d\u2019\u00e9tendre ses activit\u00e9s sur de nouveaux march\u00e9s comme l\u2019Espagne et l\u2019Italie. <\/span><span style=\"font-weight: 400;\">Nous comptons actuellement plus de 110\u00a0mod\u00e8les de chaussures antid\u00e9rapantes et de s\u00e9curit\u00e9, et pr\u00e9voyons d\u2019agrandir notre gamme de produits au cours des prochaines ann\u00e9es.<\/span>[\/vc_column_text][\/vc_column][\/vc_row][vc_row css_animation=\u00a0\u00bbfadeIn\u00a0\u00bb][vc_column width=\u00a0\u00bb1\/2&Prime;][vc_column_text]<\/p>\n<h2><span style=\"font-weight: 400; font-size: 18pt;\">Rentrez chez vous en toute s\u00e9curit\u00e9 : notre vision, notre mission, nos valeurs<\/span><\/h2>\n<hr \/>\n<p><span style=\"font-weight: 400;\">Chez Shoes For Crews, nous avons une vision\u00a0: proposer au monde entier des solutions et chaussures de s\u00e9curit\u00e9 de qualit\u00e9. Notre mission\u00a0: garantir la protection et le confort du personnel avec des chaussures de s\u00e9curit\u00e9 de qualit\u00e9 pour ainsi r\u00e9duire les accidents et les frais associ\u00e9s. Ensemble, nous incarnons les valeurs suivantes, ax\u00e9es sur le client\u00a0:<\/span><\/p>\n<ul>\n<li style=\"font-weight: 400;\" aria-level=\"1\"><span style=\"font-weight: 400;\">\u00c9coute du client\u00a0\u2013\u00a0Renforcer la relation client.<\/span><\/li>\n<li style=\"font-weight: 400;\" aria-level=\"1\"><span style=\"font-weight: 400;\">Professionnalisme\u00a0\u2013\u00a0Instaurer un climat de confiance et de respect mutuels.<\/span><\/li>\n<li style=\"font-weight: 400;\" aria-level=\"1\"><span style=\"font-weight: 400;\">Responsabilisation\u00a0\u2013\u00a0Tenir ses engagements, assumer ses responsabilit\u00e9s.<\/span><\/li>\n<li style=\"font-weight: 400;\" aria-level=\"1\"><span style=\"font-weight: 400;\">Esprit d\u2019\u00e9quipe\u00a0\u2013\u00a0Collaborer en vue d\u2019atteindre un objectif commun.<\/span><\/li>\n<li style=\"font-weight: 400;\" aria-level=\"1\"><span style=\"font-weight: 400;\">Honn\u00eatet\u00e9\u00a0\u2013\u00a0Agir et s\u2019exprimer avec sinc\u00e9rit\u00e9 et int\u00e9grit\u00e9.<\/span><\/li>\n<\/ul>\n<p>[\/vc_column_text][\/vc_column][vc_column width=\u00a0\u00bb1\/2&Prime;][vc_single_image image=\u00a0\u00bb1104&Prime; img_size=\u00a0\u00bbfull\u00a0\u00bb][\/vc_column][\/vc_row][vc_row full_width=\u00a0\u00bbstretch_row\u00a0\u00bb css_animation=\u00a0\u00bbfadeIn\u00a0\u00bb enable_fixed_background=\u00a0\u00bbtrue\u00a0\u00bb css=\u00a0\u00bb.vc_custom_1728069525693{background-image: url(https:\/\/shoesforcrews.pro\/wp-content\/uploads\/2022\/06\/increase-safety-shoes-for-crews.jpg?id=1232) !important;background-position: center !important;background-repeat: no-repeat !important;background-size: cover !important;}\u00a0\u00bb][vc_column][vc_column_text]<\/p>\n<div class=\"vc_wp_text wpb_content_element\">\n<div class=\"widget widget_text\">\n<div class=\"textwidget\">\n<h3 style=\"text-align: center;\"><span style=\"font-size: 18pt; color: #ffffff;\">Discutez avec nos experts !*<\/span><\/h3>\n<p style=\"text-align: center;\"><span style=\"color: #ffffff;\">Nous vous aiderons \u00e0 trouver des chaussures adapt\u00e9es aux besoins de vos employ\u00e9s. Notre \u00e9quipe vous apportera tout le soutien n\u00e9cessaire pour vous aider \u00e0 sensibiliser vos \u00e9quipes \u00e0 la s\u00fbret\u00e9 et \u00e0\u00a0<strong>atteindre vos objectifs de s\u00e9curit\u00e9 avec style !<\/strong><\/span><\/p>\n<p style=\"text-align: center;\">\n<\/div>\n<\/div>\n<\/div>\n<div id=\"01\" class=\"wpb_text_column wpb_content_element \">\n<div class=\"wpb_wrapper\" style=\"text-align: center;\"><\/div>\n<\/div>\n<p>[\/vc_column_text][vc_column_text]\n\t\t\t\t\t\t<script>\n\t\t\t\t\t\t\twindow.hsFormsOnReady = window.hsFormsOnReady || [];\n\t\t\t\t\t\t\twindow.hsFormsOnReady.push(()=>{\n\t\t\t\t\t\t\t\thbspt.forms.create({\n\t\t\t\t\t\t\t\t\tportalId: 487275,\n\t\t\t\t\t\t\t\t\tformId: \"6bcb9c73-c42d-4ceb-818b-479bc2ef18c1\",\n\t\t\t\t\t\t\t\t\ttarget: \"#hbspt-form-1775469485000-7190436988\",\n\t\t\t\t\t\t\t\t\tregion: \"eu1\",\n\t\t\t\t\t\t\t\t\t\n\t\t\t\t\t\t\t})});\n\t\t\t\t\t\t<\/script>\n\t\t\t\t\t\t<div class=\"hbspt-form\" id=\"hbspt-form-1775469485000-7190436988\"><\/div>[\/vc_column_text][vc_column_text]<span style=\"font-size: 10pt; color: #ffffff;\">*Shoes For Crews (Europe) Ltd. se r\u00e9serve le droit d&rsquo;\u00e9valuer votre demande et votre projet professionnel avant d&rsquo;accepter votre demande pour tester une paire de chaussures. Veuillez noter que cette offre n&rsquo;est pas valable pour les particuliers et clients de Shoes For Crews ; elle exclut \u00e9galement les chaussures de la gamme PUMA SAFETY.<\/span>[\/vc_column_text][\/vc_column][\/vc_row]<\/p>\n","protected":false},"excerpt":{"rendered":"<p>[vc_row css_animation=\u00a0\u00bbfadeIn\u00a0\u00bb][vc_column width=\u00a0\u00bb1\/2&Prime;][vc_single_image image=\u00a0\u00bb1602&Prime; img_size=\u00a0\u00bbfull\u00a0\u00bb][\/vc_column][vc_column width=\u00a0\u00bb1\/2&Prime;][vc_column_text el_id=\u00a0\u00bbabout\u00a0\u00bb] Naissance de Shoes For Crews Il y a plus de 35\u00a0ans, notre fondateur Stan Smith, ayant observ\u00e9 une augmentation du nombre de blessures au travail dues aux glissades et aux chutes, a identifi\u00e9 la n\u00e9cessit\u00e9 de d\u00e9velopper une solution pour r\u00e9pondre \u00e0 ce probl\u00e8me. En 1984, la marque [&hellip;]<\/p>\n","protected":false},"author":1,"featured_media":0,"parent":951,"menu_order":0,"comment_status":"closed","ping_status":"closed","template":"tpl-landing-page.php","meta":{"content-type":"","footnotes":""},"class_list":["post-25","page","type-page","status-publish","hentry"],"yoast_head":"<!-- This site is optimized with the Yoast SEO plugin v25.6 - https:\/\/yoast.com\/wordpress\/plugins\/seo\/ -->\n<title>Notre histoire | Shoes For Crews<\/title>\n<meta name=\"description\" content=\"D\u00e9couvrez l\u2019histoire du fabricant leader de chaussures antid\u00e9rapantes et de s\u00e9curit\u00e9, et apprenez-en plus sur l\u2019\u00e9quipe et les activit\u00e9s de Shoes For Crews.\" \/>\n<meta name=\"robots\" content=\"noindex, follow, max-snippet:-1, max-image-preview:large, max-video-preview:-1\" \/>\n<meta property=\"og:locale\" content=\"fr_FR\" \/>\n<meta property=\"og:type\" content=\"article\" \/>\n<meta property=\"og:title\" content=\"Notre histoire | Shoes For Crews\" \/>\n<meta property=\"og:description\" content=\"D\u00e9couvrez l\u2019histoire du fabricant leader de chaussures antid\u00e9rapantes et de s\u00e9curit\u00e9, et apprenez-en plus sur l\u2019\u00e9quipe et les activit\u00e9s de Shoes For Crews.\" \/>\n<meta property=\"og:url\" content=\"https:\/\/shoesforcrews-staging.boudig.uk\/fr\/a-propos\/notre-histoire\/\" \/>\n<meta property=\"og:site_name\" content=\"Shoes For Crews FR\" \/>\n<meta property=\"article:modified_time\" content=\"2025-11-13T15:38:11+00:00\" \/>\n<meta name=\"twitter:card\" content=\"summary_large_image\" \/>\n<meta name=\"twitter:label1\" content=\"Dur\u00e9e de lecture estim\u00e9e\" \/>\n\t<meta name=\"twitter:data1\" content=\"4 minutes\" \/>\n<script type=\"application\/ld+json\" class=\"yoast-schema-graph\">{\"@context\":\"https:\/\/schema.org\",\"@graph\":[{\"@type\":\"WebPage\",\"@id\":\"https:\/\/shoesforcrews-staging.boudig.uk\/fr\/a-propos\/notre-histoire\/\",\"url\":\"https:\/\/shoesforcrews-staging.boudig.uk\/fr\/a-propos\/notre-histoire\/\",\"name\":\"Notre histoire | Shoes For Crews\",\"isPartOf\":{\"@id\":\"https:\/\/shoesforcrews-staging.boudig.uk\/fr\/#website\"},\"datePublished\":\"2022-07-01T10:20:32+00:00\",\"dateModified\":\"2025-11-13T15:38:11+00:00\",\"description\":\"D\u00e9couvrez l\u2019histoire du fabricant leader de chaussures antid\u00e9rapantes et de s\u00e9curit\u00e9, et apprenez-en plus sur l\u2019\u00e9quipe et les activit\u00e9s de Shoes For Crews.\",\"breadcrumb\":{\"@id\":\"https:\/\/shoesforcrews-staging.boudig.uk\/fr\/a-propos\/notre-histoire\/#breadcrumb\"},\"inLanguage\":\"fr-FR\",\"potentialAction\":[{\"@type\":\"ReadAction\",\"target\":[\"https:\/\/shoesforcrews-staging.boudig.uk\/fr\/a-propos\/notre-histoire\/\"]}]},{\"@type\":\"BreadcrumbList\",\"@id\":\"https:\/\/shoesforcrews-staging.boudig.uk\/fr\/a-propos\/notre-histoire\/#breadcrumb\",\"itemListElement\":[{\"@type\":\"ListItem\",\"position\":1,\"name\":\"Retour\",\"item\":\"https:\/\/shoesforcrews-staging.boudig.uk\/fr\/blog-sante-securite-travail\/\"},{\"@type\":\"ListItem\",\"position\":2,\"name\":\"\u00c0 propos\",\"item\":\"https:\/\/shoesforcrews-staging.boudig.uk\/fr\/a-propos\/\"},{\"@type\":\"ListItem\",\"position\":3,\"name\":\"Notre histoire\"}]},{\"@type\":\"WebSite\",\"@id\":\"https:\/\/shoesforcrews-staging.boudig.uk\/fr\/#website\",\"url\":\"https:\/\/shoesforcrews-staging.boudig.uk\/fr\/\",\"name\":\"Shoes For Crews FR\",\"description\":\"\",\"publisher\":{\"@id\":\"https:\/\/shoesforcrews-staging.boudig.uk\/fr\/#organization\"},\"potentialAction\":[{\"@type\":\"SearchAction\",\"target\":{\"@type\":\"EntryPoint\",\"urlTemplate\":\"https:\/\/shoesforcrews-staging.boudig.uk\/fr\/?s={search_term_string}\"},\"query-input\":{\"@type\":\"PropertyValueSpecification\",\"valueRequired\":true,\"valueName\":\"search_term_string\"}}],\"inLanguage\":\"fr-FR\"},{\"@type\":\"Organization\",\"@id\":\"https:\/\/shoesforcrews-staging.boudig.uk\/fr\/#organization\",\"name\":\"Shoes For Crews FR\",\"url\":\"https:\/\/shoesforcrews-staging.boudig.uk\/fr\/\",\"logo\":{\"@type\":\"ImageObject\",\"inLanguage\":\"fr-FR\",\"@id\":\"https:\/\/shoesforcrews-staging.boudig.uk\/fr\/#\/schema\/logo\/image\/\",\"url\":\"https:\/\/shoesforcrews-staging.boudig.uk\/fr\/wp-content\/uploads\/2024\/09\/SFC-logo-blue-1.jpg\",\"contentUrl\":\"https:\/\/shoesforcrews-staging.boudig.uk\/fr\/wp-content\/uploads\/2024\/09\/SFC-logo-blue-1.jpg\",\"caption\":\"Shoes For Crews FR\"},\"image\":{\"@id\":\"https:\/\/shoesforcrews-staging.boudig.uk\/fr\/#\/schema\/logo\/image\/\"}}]}<\/script>\n<!-- \/ Yoast SEO plugin. -->","yoast_head_json":{"title":"Notre histoire | Shoes For Crews","description":"D\u00e9couvrez l\u2019histoire du fabricant leader de chaussures antid\u00e9rapantes et de s\u00e9curit\u00e9, et apprenez-en plus sur l\u2019\u00e9quipe et les activit\u00e9s de Shoes For Crews.","robots":{"index":"noindex","follow":"follow","max-snippet":"max-snippet:-1","max-image-preview":"max-image-preview:large","max-video-preview":"max-video-preview:-1"},"og_locale":"fr_FR","og_type":"article","og_title":"Notre histoire | Shoes For Crews","og_description":"D\u00e9couvrez l\u2019histoire du fabricant leader de chaussures antid\u00e9rapantes et de s\u00e9curit\u00e9, et apprenez-en plus sur l\u2019\u00e9quipe et les activit\u00e9s de Shoes For Crews.","og_url":"https:\/\/shoesforcrews-staging.boudig.uk\/fr\/a-propos\/notre-histoire\/","og_site_name":"Shoes For Crews FR","article_modified_time":"2025-11-13T15:38:11+00:00","twitter_card":"summary_large_image","twitter_misc":{"Dur\u00e9e de lecture estim\u00e9e":"4 minutes"},"schema":{"@context":"https:\/\/schema.org","@graph":[{"@type":"WebPage","@id":"https:\/\/shoesforcrews-staging.boudig.uk\/fr\/a-propos\/notre-histoire\/","url":"https:\/\/shoesforcrews-staging.boudig.uk\/fr\/a-propos\/notre-histoire\/","name":"Notre histoire | Shoes For Crews","isPartOf":{"@id":"https:\/\/shoesforcrews-staging.boudig.uk\/fr\/#website"},"datePublished":"2022-07-01T10:20:32+00:00","dateModified":"2025-11-13T15:38:11+00:00","description":"D\u00e9couvrez l\u2019histoire du fabricant leader de chaussures antid\u00e9rapantes et de s\u00e9curit\u00e9, et apprenez-en plus sur l\u2019\u00e9quipe et les activit\u00e9s de Shoes For Crews.","breadcrumb":{"@id":"https:\/\/shoesforcrews-staging.boudig.uk\/fr\/a-propos\/notre-histoire\/#breadcrumb"},"inLanguage":"fr-FR","potentialAction":[{"@type":"ReadAction","target":["https:\/\/shoesforcrews-staging.boudig.uk\/fr\/a-propos\/notre-histoire\/"]}]},{"@type":"BreadcrumbList","@id":"https:\/\/shoesforcrews-staging.boudig.uk\/fr\/a-propos\/notre-histoire\/#breadcrumb","itemListElement":[{"@type":"ListItem","position":1,"name":"Retour","item":"https:\/\/shoesforcrews-staging.boudig.uk\/fr\/blog-sante-securite-travail\/"},{"@type":"ListItem","position":2,"name":"\u00c0 propos","item":"https:\/\/shoesforcrews-staging.boudig.uk\/fr\/a-propos\/"},{"@type":"ListItem","position":3,"name":"Notre histoire"}]},{"@type":"WebSite","@id":"https:\/\/shoesforcrews-staging.boudig.uk\/fr\/#website","url":"https:\/\/shoesforcrews-staging.boudig.uk\/fr\/","name":"Shoes For Crews FR","description":"","publisher":{"@id":"https:\/\/shoesforcrews-staging.boudig.uk\/fr\/#organization"},"potentialAction":[{"@type":"SearchAction","target":{"@type":"EntryPoint","urlTemplate":"https:\/\/shoesforcrews-staging.boudig.uk\/fr\/?s={search_term_string}"},"query-input":{"@type":"PropertyValueSpecification","valueRequired":true,"valueName":"search_term_string"}}],"inLanguage":"fr-FR"},{"@type":"Organization","@id":"https:\/\/shoesforcrews-staging.boudig.uk\/fr\/#organization","name":"Shoes For Crews FR","url":"https:\/\/shoesforcrews-staging.boudig.uk\/fr\/","logo":{"@type":"ImageObject","inLanguage":"fr-FR","@id":"https:\/\/shoesforcrews-staging.boudig.uk\/fr\/#\/schema\/logo\/image\/","url":"https:\/\/shoesforcrews-staging.boudig.uk\/fr\/wp-content\/uploads\/2024\/09\/SFC-logo-blue-1.jpg","contentUrl":"https:\/\/shoesforcrews-staging.boudig.uk\/fr\/wp-content\/uploads\/2024\/09\/SFC-logo-blue-1.jpg","caption":"Shoes For Crews FR"},"image":{"@id":"https:\/\/shoesforcrews-staging.boudig.uk\/fr\/#\/schema\/logo\/image\/"}}]}},"_links":{"self":[{"href":"https:\/\/shoesforcrews-staging.boudig.uk\/fr\/wp-json\/wp\/v2\/pages\/25"}],"collection":[{"href":"https:\/\/shoesforcrews-staging.boudig.uk\/fr\/wp-json\/wp\/v2\/pages"}],"about":[{"href":"https:\/\/shoesforcrews-staging.boudig.uk\/fr\/wp-json\/wp\/v2\/types\/page"}],"author":[{"embeddable":true,"href":"https:\/\/shoesforcrews-staging.boudig.uk\/fr\/wp-json\/wp\/v2\/users\/1"}],"replies":[{"embeddable":true,"href":"https:\/\/shoesforcrews-staging.boudig.uk\/fr\/wp-json\/wp\/v2\/comments?post=25"}],"version-history":[{"count":31,"href":"https:\/\/shoesforcrews-staging.boudig.uk\/fr\/wp-json\/wp\/v2\/pages\/25\/revisions"}],"predecessor-version":[{"id":2231,"href":"https:\/\/shoesforcrews-staging.boudig.uk\/fr\/wp-json\/wp\/v2\/pages\/25\/revisions\/2231"}],"up":[{"embeddable":true,"href":"https:\/\/shoesforcrews-staging.boudig.uk\/fr\/wp-json\/wp\/v2\/pages\/951"}],"wp:attachment":[{"href":"https:\/\/shoesforcrews-staging.boudig.uk\/fr\/wp-json\/wp\/v2\/media?parent=25"}],"curies":[{"name":"wp","href":"https:\/\/api.w.org\/{rel}","templated":true}]}}