{"id":7,"date":"2022-06-29T22:48:57","date_gmt":"2022-06-29T22:48:57","guid":{"rendered":"https:\/\/shoesforcrews.pro\/es\/?page_id=7"},"modified":"2025-11-19T16:49:00","modified_gmt":"2025-11-19T16:49:00","slug":"home","status":"publish","type":"page","link":"https:\/\/shoesforcrews-staging.boudig.uk\/es\/","title":{"rendered":"Homepage"},"content":{"rendered":"<p>[vc_row full_width=\u00bbstretch_row\u00bb css=\u00bb.vc_custom_1763047056253{background-color: #eaebe2 !important;}\u00bb][vc_column width=\u00bb1\/3&#8243;]<div class=\"vc-image-text--icon--left--80-20\"><div class=\"vc-image-text__image-container\"><img decoding=\"async\" class=\"vc-image-text__image\" src=\"https:\/\/shoesforcrews-staging.boudig.uk\/es\/wp-content\/uploads\/2025\/11\/checkmark.webp\" alt=\"\" title=\"\" \/><\/div><div class=\"vc-image-text__text\"><p>Reducci\u00f3n de los accidentes por resbalones y ca\u00eddas<\/p><\/div><\/div>[\/vc_column][vc_column width=\u00bb1\/3&#8243;]<div class=\"vc-image-text--icon--left--80-20\"><div class=\"vc-image-text__image-container\"><img decoding=\"async\" class=\"vc-image-text__image\" src=\"https:\/\/shoesforcrews-staging.boudig.uk\/es\/wp-content\/uploads\/2025\/11\/checkmark.webp\" alt=\"\" title=\"\" \/><\/div><div class=\"vc-image-text__text\"><p>Resistente y duradero<\/p><\/div><\/div>[\/vc_column][vc_column width=\u00bb1\/3&#8243;]<div class=\"vc-image-text--icon--left--80-20\"><div class=\"vc-image-text__image-container\"><img decoding=\"async\" class=\"vc-image-text__image\" src=\"https:\/\/shoesforcrews-staging.boudig.uk\/es\/wp-content\/uploads\/2025\/11\/checkmark.webp\" alt=\"\" title=\"\" \/><\/div><div class=\"vc-image-text__text\"><p>Mejora la seguridad en el lugar de trabajo<\/p><\/div><\/div>[\/vc_column][\/vc_row][vc_row css_animation=\u00bbfadeIn\u00bb][vc_column][vc_column_text]<\/p>\n<h2 style=\"text-align: center;\"><span style=\"font-size: 18pt;\">Seguridad, moda, comodidad todo el d\u00eda, todos los d\u00edas en entornos laborales altamente exigentes<\/span><\/h2>\n<p>[\/vc_column_text][vc_single_image image=\u00bb3794&#8243; img_size=\u00bbfull\u00bb alignment=\u00bbcenter\u00bb]<div style=\"text-align: center\" ><a hreflang=\"es\" href=\"https:\/\/shoesforcrews.pro\/es\/catalogo\/\" class=\"btn--secondary\" style=\"background-image: url()\">Descubre todos nuestros zapatos<\/a><\/div>[\/vc_column][\/vc_row][vc_row full_width=\u00bbstretch_row\u00bb gap=\u00bb2&#8243; css_animation=\u00bbfadeIn\u00bb enable_fixed_background=\u00bbtrue\u00bb css=\u00bb.vc_custom_1763047064981{margin-top: 3% !important;background-position: center !important;background-repeat: no-repeat !important;background-size: cover !important;}\u00bb][vc_column width=\u00bb1\/2&#8243;][vc_column_text]<\/p>\n<h2 style=\"text-align: center;\"><span style=\"font-size: 18pt;\">\u00a1Prueba nuestros zapatos SFC!*<\/span><\/h2>\n<h3><strong><span style=\"font-size: 14pt;\">Contacta con nuestros expertos<\/span><\/strong><\/h3>\n<p><span style=\"font-weight: 400;\">Evaluaremos tus necesidades y encontraremos el zapato de seguridad antideslizante que mejor se adapte a las necesidades y objetivos de tu empresa, para que puedas proteger a tu equipo y crear una s\u00f3lida cultura de seguridad sin complicaciones.<\/span><\/p>\n<h3><strong><span style=\"font-size: 14pt;\">\u00a1Prueba nuestro calzado!*<\/span><\/strong><\/h3>\n<p><span style=\"font-weight: 400;\">\u00a1La mejor manera de ver todas las ventajas y beneficios que ofrece nuestro calzado antideslizante es probarlo! El equipo de Shoes For Crews a su disposici\u00f3n se ocupa de todo a lo largo del proceso. Le ayudamos a encontrar el calzado adecuado y le proporcionamos todo el apoyo que necesite para impulsar la tasa de participaci\u00f3n dentro de su empresa y alcanzar sus objetivos de seguridad.<\/span><\/p>\n<h3><strong><span style=\"font-size: 14pt;\">Aumenta la seguridad en el lugar de trabajo con estilo<\/span><\/strong><\/h3>\n<p><span style=\"font-weight: 400;\">Ahora tu equipo puede contar con un calzado de seguridad l\u00edder en el sector que reduzca los accidentes por resbalones y ca\u00eddas hasta en un 80\u00a0%. Y puedes ofrecer protecci\u00f3n a tu empresa, empleados y beneficios ante los devastadores costes de los accidentes laborales.<\/span>[\/vc_column_text][\/vc_column][vc_column width=\u00bb1\/2&#8243; css=\u00bb.vc_custom_1703686911650{background-color: #21293C !important;}\u00bb][vc_column_text]<\/p>\n<h3 style=\"text-align: center;\"><span style=\"font-size: 18pt; color: #ffffff;\">\u00a1Contacta con nosotros!<\/span><\/h3>\n<p>[\/vc_column_text][vc_empty_space][vc_column_text el_id=\u00bb01&#8243;]\n\t\t\t\t\t\t<script>\n\t\t\t\t\t\t\twindow.hsFormsOnReady = window.hsFormsOnReady || [];\n\t\t\t\t\t\t\twindow.hsFormsOnReady.push(()=>{\n\t\t\t\t\t\t\t\thbspt.forms.create({\n\t\t\t\t\t\t\t\t\tportalId: 487275,\n\t\t\t\t\t\t\t\t\tformId: \"f1d1be4d-8c4f-44ff-b86c-bf377cd55d42\",\n\t\t\t\t\t\t\t\t\ttarget: \"#hbspt-form-1776965454000-4126017516\",\n\t\t\t\t\t\t\t\t\tregion: \"eu1\",\n\t\t\t\t\t\t\t\t\t\n\t\t\t\t\t\t\t})});\n\t\t\t\t\t\t<\/script>\n\t\t\t\t\t\t<div class=\"hbspt-form\" id=\"hbspt-form-1776965454000-4126017516\"><\/div>[\/vc_column_text][\/vc_column][\/vc_row][vc_row full_width=\u00bbstretch_row\u00bb css_animation=\u00bbfadeIn\u00bb][vc_column][vc_column_text]<span style=\"font-size: 10pt;\">*Shoes For Crews (Europe) Ltd. se reserva el derecho de evaluar tu solicitud y tu proyecto profesional antes de aceptar tu petici\u00f3n de prueba de zapatos. Ten en cuenta que esta oferta no es v\u00e1lida para clientes minoristas y clientes actuales de Shoes For Crews; tambi\u00e9n excluye el calzado PUMA SAFETY.<\/span>[\/vc_column_text][\/vc_column][\/vc_row][vc_section full_width=\u00bbstretch_row\u00bb css_animation=\u00bbfadeIn\u00bb][vc_row][vc_column width=\u00bb1\/6&#8243;][vc_single_image image=\u00bb6180&#8243; img_size=\u00bbfull\u00bb alignment=\u00bbcenter\u00bb][\/vc_column][vc_column width=\u00bb5\/6&#8243;][vc_column_text]<span style=\"font-size: 24pt;\">Shoes For Crews\u00ae es el pionero y l\u00edder de confianza en calzado de seguridad antideslizante desde 1984.<\/span>[\/vc_column_text][\/vc_column][\/vc_row][vc_row][vc_column width=\u00bb1\/2&#8243;][vc_single_image image=\u00bb3980&#8243; img_size=\u00bbfull\u00bb][\/vc_column][vc_column width=\u00bb1\/2&#8243;][vc_column_text]<\/p>\n<h2 style=\"text-align: center;\"><span style=\"font-size: 18pt; color: #000000;\">Proporcionando calzado altamente protector<br \/>\n<\/span><\/h2>\n<p>Ofrece a tus trabajadores la protecci\u00f3n y comodidad que merecen y <strong>reduce los accidentes y lesiones por resbalones hasta en un 80%<\/strong> con nuestra completa gama de calzado de seguridad duradero, c\u00f3modo y moderno.[\/vc_column_text][\/vc_column][\/vc_row][\/vc_section][vc_row full_width=\u00bbstretch_row\u00bb css_animation=\u00bbfadeIn\u00bb][vc_column][vc_column_text]<\/p>\n<h2 style=\"text-align: center;\"><span style=\"font-size: 18pt;\">Orgullosos de servir muchos sectores e industrias en el mundo<\/span><\/h2>\n<p>[\/vc_column_text][vc_empty_space]<div class=\"vc-masonry-grid--grid \"><div class=\"vc-masonry-grid__grid\" style=\"padding: 10px\"><div style=\"text-align: left\" ><a hreflang=\"es\" href=\"\/es\/sectores\/botas-militares-seguridad\/\" class=\"btn--image\" style=\"background-image: url(https:\/\/shoesforcrews-staging.boudig.uk\/es\/wp-content\/uploads\/2024\/11\/army-unit-with-safety-boots.jpg)\">Ej\u00e9rcito<\/a><\/div><\/div><div class=\"vc-masonry-grid__grid\" style=\"padding: 10px\"><div style=\"text-align: left\" ><a hreflang=\"es\" href=\"\/es\/calzado-fabricacion-industria-pesada\/\" class=\"btn--image\" style=\"background-image: url(https:\/\/shoesforcrews-staging.boudig.uk\/es\/wp-content\/uploads\/2022\/06\/manufacturing-food-production-shoe.jpg)\">Industria alimentaria y bebidas<\/a><\/div><\/div><div class=\"vc-masonry-grid__grid\" style=\"padding: 10px\"><div style=\"text-align: left\" ><a hreflang=\"es\" href=\"\/es\/calzado-hosteleria-restauracion\/\" class=\"btn--image\" style=\"background-image: url(https:\/\/shoesforcrews-staging.boudig.uk\/es\/wp-content\/uploads\/2022\/06\/hospitality-restaurant-footwear.jpg)\">Hosteler\u00eda y restauraci\u00f3n (HORECA)<\/a><\/div><\/div><div class=\"vc-masonry-grid__grid\" style=\"padding: 10px\"><div style=\"text-align: left\" ><a hreflang=\"es\" href=\"\/es\/zapatos-logistica-correos-entregas\/\" class=\"btn--image\" style=\"background-image: url(https:\/\/shoesforcrews-staging.boudig.uk\/es\/wp-content\/uploads\/2022\/06\/pexels-courier2.jpg)\">Log\u00edstica, transporte y postal<\/a><\/div><\/div><div class=\"vc-masonry-grid__grid\" style=\"padding: 10px\"><div style=\"text-align: center\" ><a hreflang=\"es\" href=\"\/es\/sectores\/botas-seguridad-policia\/\" class=\"btn--image\" style=\"background-image: url(https:\/\/shoesforcrews-staging.boudig.uk\/es\/wp-content\/uploads\/2024\/11\/police-officer-wearing-safety-boots.jpg)\">Polic\u00eda y servicios de seguridad<\/a><\/div><\/div><div class=\"vc-masonry-grid__grid\" style=\"padding: 10px\"><div style=\"text-align: left\" ><a hreflang=\"es\" href=\"\/es\/zapato-servicios-urgencias-medicas\/\" class=\"btn--image\" style=\"background-image: url(https:\/\/shoesforcrews-staging.boudig.uk\/es\/wp-content\/uploads\/2022\/08\/paramedics-safety-shoes.jpg)\">Emergencias y servicios extrahospitalarios<\/a><\/div><\/div><div class=\"vc-masonry-grid__grid\" style=\"padding: 10px\"><div style=\"text-align: left\" ><a hreflang=\"es\" href=\"\/es\/zapatos-sanitarios\/\" class=\"btn--image\" style=\"background-image: url(https:\/\/shoesforcrews-staging.boudig.uk\/es\/wp-content\/uploads\/2022\/06\/heathcare-medium2.jpg)\">Sanidad, guarder\u00edas y residencias<\/a><\/div><\/div><div class=\"vc-masonry-grid__grid\" style=\"padding: 10px\"><div style=\"text-align: left\" ><a hreflang=\"es\" href=\"\/es\/transporte-publico-zapatos-seguridad\/\" class=\"btn--image\" style=\"background-image: url(https:\/\/shoesforcrews-staging.boudig.uk\/es\/wp-content\/uploads\/2022\/06\/public-transport2.jpg)\">Transporte p\u00fablico<\/a><\/div><\/div><div class=\"vc-masonry-grid__grid\" style=\"padding: 10px\"><div style=\"text-align: left\" ><a hreflang=\"es\" href=\"\/es\/calzado-seguridad-venta-al-por-menor\" class=\"btn--image\" style=\"background-image: url(https:\/\/shoesforcrews-staging.boudig.uk\/es\/wp-content\/uploads\/2022\/06\/retail-shoes-for-crews-medium.jpg)\">Venta al por menor<\/a><\/div><\/div><\/div>[\/vc_column][\/vc_row][vc_row full_width=\u00bbstretch_row\u00bb css_animation=\u00bbfadeIn\u00bb][vc_column]<div class=\"vc-masonry-grid--inline \"><div class=\"vc-masonry-grid__grid\" style=\"padding: px\">[vc_single_image image=\u00bb1549&#8243; img_size=\u00bbmedium\u00bb]<\/div><div class=\"vc-masonry-grid__grid\" style=\"padding: px\">[vc_single_image image=\u00bb3059&#8243; img_size=\u00bbmedium\u00bb alignment=\u00bbcenter\u00bb]<\/div><div class=\"vc-masonry-grid__grid\" style=\"padding: px\">[vc_single_image image=\u00bb1551&#8243; img_size=\u00bbmedium\u00bb]<\/div><div class=\"vc-masonry-grid__grid\" style=\"padding: px\">[vc_single_image image=\u00bb4018&#8243; img_size=\u00bbmedium\u00bb]<\/div><\/div>[\/vc_column][\/vc_row][vc_row full_width=\u00bbstretch_row\u00bb css_animation=\u00bbfadeIn\u00bb][vc_column][vc_column_text]<\/p>\n<h2 style=\"text-align: center;\"><span style=\"font-size: 18pt;\">\u00daltimos art\u00edculos de blog<\/span><\/h2>\n<p>[\/vc_column_text][vc_empty_space]<div class=\"vc-latest-blogs\"><div class=\"blog-item\">\r\n    <a hreflang=\"es\" href=\"https:\/\/shoesforcrews-staging.boudig.uk\/es\/blog\/aspectos-norma-iso-20347-hosteleria\/\" class=\"blog-item__inner\">\r\n        <div class=\"blog-item__thumbnail-container\">\r\n            <img decoding=\"async\" src=\"https:\/\/shoesforcrews-staging.boudig.uk\/es\/wp-content\/uploads\/2025\/09\/202507P2ES-featured-image.jpg\" class=\"blog-item__thumbnail\" alt=\"Una camarera que lleva una bandeja sonr\u00ede a la c\u00e1mara\" \/>\r\n        <\/div>\r\n        <div class=\"blog-item__details\">\r\n            <h4>\u00bfQu\u00e9 aspectos de la norma EN ISO 20347 tener en cuenta al escoger el calzado de hosteler\u00eda?<\/h4>\r\n            <p class=\"blog-item__date\">25 septiembre 2025<\/p>\r\n            <p class=\"blog-item__excerpt\">Descubre qu\u00e9 tener en cuenta al seleccionar el calzado de los profesionales de hosteler\u00eda seg\u00fan la norma EN ISO 20347.<\/p>\r\n        <\/div>\r\n    <\/a>\r\n<\/div><div class=\"blog-item\">\r\n    <a hreflang=\"es\" href=\"https:\/\/shoesforcrews-staging.boudig.uk\/es\/blog\/causas-soluciones-tasa-rotacion-personal-catering\/\" class=\"blog-item__inner\">\r\n        <div class=\"blog-item__thumbnail-container\">\r\n            <img decoding=\"async\" src=\"https:\/\/shoesforcrews-staging.boudig.uk\/es\/wp-content\/uploads\/2025\/09\/202507P1ES-featured-image.jpg\" class=\"blog-item__thumbnail\" alt=\"Una profesional del catering lleva una bandeja con canap\u00e9s  \" \/>\r\n        <\/div>\r\n        <div class=\"blog-item__details\">\r\n            <h4>Causas y posibles soluciones para la elevada tasa de rotaci\u00f3n de personal en el sector del catering<\/h4>\r\n            <p class=\"blog-item__date\">11 septiembre 2025<\/p>\r\n            <p class=\"blog-item__excerpt\">Conoce las principales causas de la rotaci\u00f3n de personal en el sector del catering y las soluciones para reducirla. <\/p>\r\n        <\/div>\r\n    <\/a>\r\n<\/div><div class=\"blog-item\">\r\n    <a hreflang=\"es\" href=\"https:\/\/shoesforcrews-staging.boudig.uk\/es\/blog\/elementos-uniforme-dependienta-tienda\/\" class=\"blog-item__inner\">\r\n        <div class=\"blog-item__thumbnail-container\">\r\n            <img decoding=\"async\" src=\"https:\/\/shoesforcrews-staging.boudig.uk\/es\/wp-content\/uploads\/2025\/08\/202506P1ES-featured-image.jpg\" class=\"blog-item__thumbnail\" alt=\"Una dependienta de una tienda de ropa sonr\u00ede a la c\u00e1mara\" \/>\r\n        <\/div>\r\n        <div class=\"blog-item__details\">\r\n            <h4>5 elementos imprescindibles en el uniforme de una dependienta de tienda<\/h4>\r\n            <p class=\"blog-item__date\">21 agosto 2025<\/p>\r\n            <p class=\"blog-item__excerpt\">Descubre los 5 elementos esenciales del uniforme de una dependienta de tienda que aumentan su confort y rendimiento. <\/p>\r\n        <\/div>\r\n    <\/a>\r\n<\/div><div class=\"blog-item\">\r\n    <a hreflang=\"es\" href=\"https:\/\/shoesforcrews-staging.boudig.uk\/es\/blog\/calzado-seguridad-s3-comodos\/\" class=\"blog-item__inner\">\r\n        <div class=\"blog-item__thumbnail-container\">\r\n            <img decoding=\"async\" src=\"https:\/\/shoesforcrews-staging.boudig.uk\/es\/wp-content\/uploads\/2025\/08\/202506P2ES-featured-image.jpg\" class=\"blog-item__thumbnail\" alt=\"Dos trabajadores de almac\u00e9n conversan y sonr\u00eden mientras trasladan los productos\" \/>\r\n        <\/div>\r\n        <div class=\"blog-item__details\">\r\n            <h4>Calzado de seguridad S3 c\u00f3modo y ligero de Shoes For Crews para trabajadores de almac\u00e9n<\/h4>\r\n            <p class=\"blog-item__date\">7 agosto 2025<\/p>\r\n            <p class=\"blog-item__excerpt\">Descubre el calzado de seguridad S3 m\u00e1s c\u00f3modo y ligero de Shoes For Crews, ideal para trabajadores de almac\u00e9n.<\/p>\r\n        <\/div>\r\n    <\/a>\r\n<\/div><\/div>[\/vc_column][\/vc_row][vc_row disable_element=\u00bbyes\u00bb][vc_column]<div class=\"sfc-image-carousel image-carousel\" data-slick='{\"slidesToShow\": 1, \"slidesToScroll\": 1, \"speed\": 2500, \"swipeToSlide\": true, \"arrows\": true, \"dots\": true}' ><div class='vc_item'><img decoding=\"async\" src=\"https:\/\/shoesforcrews-staging.boudig.uk\/es\/wp-content\/uploads\/2025\/01\/Website_Banner_HIP_1200x330px_sp_neue_Bilder.webp\" class=\"sfc-image-carousel__image\" \/><\/div><\/div>[\/vc_column][\/vc_row]<\/p>\n","protected":false},"excerpt":{"rendered":"<p>[vc_row full_width=\u00bbstretch_row\u00bb css=\u00bb.vc_custom_1763047056253{background-color: #eaebe2 !important;}\u00bb][vc_column width=\u00bb1\/3&#8243;][\/vc_column][vc_column width=\u00bb1\/3&#8243;][\/vc_column][vc_column width=\u00bb1\/3&#8243;][\/vc_column][\/vc_row][vc_row css_animation=\u00bbfadeIn\u00bb][vc_column][vc_column_text] Seguridad, moda, comodidad todo el d\u00eda, todos los d\u00edas en entornos laborales altamente exigentes [\/vc_column_text][vc_single_image image=\u00bb3794&#8243; img_size=\u00bbfull\u00bb alignment=\u00bbcenter\u00bb][\/vc_column][\/vc_row][vc_row full_width=\u00bbstretch_row\u00bb gap=\u00bb2&#8243; css_animation=\u00bbfadeIn\u00bb enable_fixed_background=\u00bbtrue\u00bb css=\u00bb.vc_custom_1763047064981{margin-top: 3% !important;background-position: center !important;background-repeat: no-repeat !important;background-size: cover !important;}\u00bb][vc_column width=\u00bb1\/2&#8243;][vc_column_text] \u00a1Prueba nuestros zapatos SFC!* Contacta con nuestros expertos Evaluaremos tus necesidades y encontraremos el [&hellip;]<\/p>\n","protected":false},"author":1,"featured_media":0,"parent":0,"menu_order":0,"comment_status":"closed","ping_status":"closed","template":"tpl-landing-page.php","meta":{"content-type":"","footnotes":""},"class_list":["post-7","page","type-page","status-publish","hentry"],"yoast_head":"<!-- This site is optimized with the Yoast SEO plugin v25.6 - https:\/\/yoast.com\/wordpress\/plugins\/seo\/ -->\n<title>L\u00edder en calzado de seguridad y trabajo | Shoes For Crews<\/title>\n<meta name=\"description\" content=\"Encuentra el calzado de seguridad perfecto para tus empleados con Shoes For Crews, el fabricante l\u00edder mundial de calzado antideslizante desde 1984\" \/>\n<meta name=\"robots\" content=\"noindex, follow, max-snippet:-1, max-image-preview:large, max-video-preview:-1\" \/>\n<meta property=\"og:locale\" content=\"es_ES\" \/>\n<meta property=\"og:type\" content=\"article\" \/>\n<meta property=\"og:title\" content=\"L\u00edder en calzado de seguridad y trabajo | Shoes For Crews\" \/>\n<meta property=\"og:description\" content=\"Encuentra el calzado de seguridad perfecto para tus empleados con Shoes For Crews, el fabricante l\u00edder mundial de calzado antideslizante desde 1984\" \/>\n<meta property=\"og:url\" content=\"https:\/\/shoesforcrews-staging.boudig.uk\/es\/\" \/>\n<meta property=\"og:site_name\" content=\"Shoes For Crews ES\" \/>\n<meta property=\"article:modified_time\" content=\"2025-11-19T16:49:00+00:00\" \/>\n<meta name=\"twitter:card\" content=\"summary_large_image\" \/>\n<meta name=\"twitter:label1\" content=\"Tiempo de lectura\" \/>\n\t<meta name=\"twitter:data1\" content=\"3 minutos\" \/>\n<script type=\"application\/ld+json\" class=\"yoast-schema-graph\">{\"@context\":\"https:\/\/schema.org\",\"@graph\":[{\"@type\":\"WebPage\",\"@id\":\"https:\/\/shoesforcrews-staging.boudig.uk\/es\/\",\"url\":\"https:\/\/shoesforcrews-staging.boudig.uk\/es\/\",\"name\":\"L\u00edder en calzado de seguridad y trabajo | Shoes For Crews\",\"isPartOf\":{\"@id\":\"https:\/\/shoesforcrews-staging.boudig.uk\/es\/#website\"},\"datePublished\":\"2022-06-29T22:48:57+00:00\",\"dateModified\":\"2025-11-19T16:49:00+00:00\",\"description\":\"Encuentra el calzado de seguridad perfecto para tus empleados con Shoes For Crews, el fabricante l\u00edder mundial de calzado antideslizante desde 1984\",\"breadcrumb\":{\"@id\":\"https:\/\/shoesforcrews-staging.boudig.uk\/es\/#breadcrumb\"},\"inLanguage\":\"es\",\"potentialAction\":[{\"@type\":\"ReadAction\",\"target\":[\"https:\/\/shoesforcrews-staging.boudig.uk\/es\/\"]}]},{\"@type\":\"BreadcrumbList\",\"@id\":\"https:\/\/shoesforcrews-staging.boudig.uk\/es\/#breadcrumb\",\"itemListElement\":[{\"@type\":\"ListItem\",\"position\":1,\"name\":\"Volver\",\"item\":\"https:\/\/shoesforcrews-staging.boudig.uk\/es\/blog-seguridad-salud-trabajo\/\"},{\"@type\":\"ListItem\",\"position\":2,\"name\":\"Homepage\"}]},{\"@type\":\"WebSite\",\"@id\":\"https:\/\/shoesforcrews-staging.boudig.uk\/es\/#website\",\"url\":\"https:\/\/shoesforcrews-staging.boudig.uk\/es\/\",\"name\":\"Shoes For Crews ES\",\"description\":\"\",\"publisher\":{\"@id\":\"https:\/\/shoesforcrews-staging.boudig.uk\/es\/#organization\"},\"potentialAction\":[{\"@type\":\"SearchAction\",\"target\":{\"@type\":\"EntryPoint\",\"urlTemplate\":\"https:\/\/shoesforcrews-staging.boudig.uk\/es\/?s={search_term_string}\"},\"query-input\":{\"@type\":\"PropertyValueSpecification\",\"valueRequired\":true,\"valueName\":\"search_term_string\"}}],\"inLanguage\":\"es\"},{\"@type\":\"Organization\",\"@id\":\"https:\/\/shoesforcrews-staging.boudig.uk\/es\/#organization\",\"name\":\"Shoes For Crews ES\",\"url\":\"https:\/\/shoesforcrews-staging.boudig.uk\/es\/\",\"logo\":{\"@type\":\"ImageObject\",\"inLanguage\":\"es\",\"@id\":\"https:\/\/shoesforcrews-staging.boudig.uk\/es\/#\/schema\/logo\/image\/\",\"url\":\"https:\/\/shoesforcrews-staging.boudig.uk\/es\/wp-content\/uploads\/2024\/09\/SFC-logo-blue-1.jpg\",\"contentUrl\":\"https:\/\/shoesforcrews-staging.boudig.uk\/es\/wp-content\/uploads\/2024\/09\/SFC-logo-blue-1.jpg\",\"caption\":\"Shoes For Crews ES\"},\"image\":{\"@id\":\"https:\/\/shoesforcrews-staging.boudig.uk\/es\/#\/schema\/logo\/image\/\"}}]}<\/script>\n<!-- \/ Yoast SEO plugin. -->","yoast_head_json":{"title":"L\u00edder en calzado de seguridad y trabajo | Shoes For Crews","description":"Encuentra el calzado de seguridad perfecto para tus empleados con Shoes For Crews, el fabricante l\u00edder mundial de calzado antideslizante desde 1984","robots":{"index":"noindex","follow":"follow","max-snippet":"max-snippet:-1","max-image-preview":"max-image-preview:large","max-video-preview":"max-video-preview:-1"},"og_locale":"es_ES","og_type":"article","og_title":"L\u00edder en calzado de seguridad y trabajo | Shoes For Crews","og_description":"Encuentra el calzado de seguridad perfecto para tus empleados con Shoes For Crews, el fabricante l\u00edder mundial de calzado antideslizante desde 1984","og_url":"https:\/\/shoesforcrews-staging.boudig.uk\/es\/","og_site_name":"Shoes For Crews ES","article_modified_time":"2025-11-19T16:49:00+00:00","twitter_card":"summary_large_image","twitter_misc":{"Tiempo de lectura":"3 minutos"},"schema":{"@context":"https:\/\/schema.org","@graph":[{"@type":"WebPage","@id":"https:\/\/shoesforcrews-staging.boudig.uk\/es\/","url":"https:\/\/shoesforcrews-staging.boudig.uk\/es\/","name":"L\u00edder en calzado de seguridad y trabajo | Shoes For Crews","isPartOf":{"@id":"https:\/\/shoesforcrews-staging.boudig.uk\/es\/#website"},"datePublished":"2022-06-29T22:48:57+00:00","dateModified":"2025-11-19T16:49:00+00:00","description":"Encuentra el calzado de seguridad perfecto para tus empleados con Shoes For Crews, el fabricante l\u00edder mundial de calzado antideslizante desde 1984","breadcrumb":{"@id":"https:\/\/shoesforcrews-staging.boudig.uk\/es\/#breadcrumb"},"inLanguage":"es","potentialAction":[{"@type":"ReadAction","target":["https:\/\/shoesforcrews-staging.boudig.uk\/es\/"]}]},{"@type":"BreadcrumbList","@id":"https:\/\/shoesforcrews-staging.boudig.uk\/es\/#breadcrumb","itemListElement":[{"@type":"ListItem","position":1,"name":"Volver","item":"https:\/\/shoesforcrews-staging.boudig.uk\/es\/blog-seguridad-salud-trabajo\/"},{"@type":"ListItem","position":2,"name":"Homepage"}]},{"@type":"WebSite","@id":"https:\/\/shoesforcrews-staging.boudig.uk\/es\/#website","url":"https:\/\/shoesforcrews-staging.boudig.uk\/es\/","name":"Shoes For Crews ES","description":"","publisher":{"@id":"https:\/\/shoesforcrews-staging.boudig.uk\/es\/#organization"},"potentialAction":[{"@type":"SearchAction","target":{"@type":"EntryPoint","urlTemplate":"https:\/\/shoesforcrews-staging.boudig.uk\/es\/?s={search_term_string}"},"query-input":{"@type":"PropertyValueSpecification","valueRequired":true,"valueName":"search_term_string"}}],"inLanguage":"es"},{"@type":"Organization","@id":"https:\/\/shoesforcrews-staging.boudig.uk\/es\/#organization","name":"Shoes For Crews ES","url":"https:\/\/shoesforcrews-staging.boudig.uk\/es\/","logo":{"@type":"ImageObject","inLanguage":"es","@id":"https:\/\/shoesforcrews-staging.boudig.uk\/es\/#\/schema\/logo\/image\/","url":"https:\/\/shoesforcrews-staging.boudig.uk\/es\/wp-content\/uploads\/2024\/09\/SFC-logo-blue-1.jpg","contentUrl":"https:\/\/shoesforcrews-staging.boudig.uk\/es\/wp-content\/uploads\/2024\/09\/SFC-logo-blue-1.jpg","caption":"Shoes For Crews ES"},"image":{"@id":"https:\/\/shoesforcrews-staging.boudig.uk\/es\/#\/schema\/logo\/image\/"}}]}},"_links":{"self":[{"href":"https:\/\/shoesforcrews-staging.boudig.uk\/es\/wp-json\/wp\/v2\/pages\/7"}],"collection":[{"href":"https:\/\/shoesforcrews-staging.boudig.uk\/es\/wp-json\/wp\/v2\/pages"}],"about":[{"href":"https:\/\/shoesforcrews-staging.boudig.uk\/es\/wp-json\/wp\/v2\/types\/page"}],"author":[{"embeddable":true,"href":"https:\/\/shoesforcrews-staging.boudig.uk\/es\/wp-json\/wp\/v2\/users\/1"}],"replies":[{"embeddable":true,"href":"https:\/\/shoesforcrews-staging.boudig.uk\/es\/wp-json\/wp\/v2\/comments?post=7"}],"version-history":[{"count":77,"href":"https:\/\/shoesforcrews-staging.boudig.uk\/es\/wp-json\/wp\/v2\/pages\/7\/revisions"}],"predecessor-version":[{"id":1734,"href":"https:\/\/shoesforcrews-staging.boudig.uk\/es\/wp-json\/wp\/v2\/pages\/7\/revisions\/1734"}],"wp:attachment":[{"href":"https:\/\/shoesforcrews-staging.boudig.uk\/es\/wp-json\/wp\/v2\/media?parent=7"}],"curies":[{"name":"wp","href":"https:\/\/api.w.org\/{rel}","templated":true}]}}