{"id":468,"date":"2023-02-02T14:14:34","date_gmt":"2023-02-02T14:14:34","guid":{"rendered":"https:\/\/shoesforcrews.pro\/es\/?page_id=468"},"modified":"2024-11-22T14:07:24","modified_gmt":"2024-11-22T14:07:24","slug":"medir-resistancia-deslizamiento","status":"publish","type":"page","link":"https:\/\/shoesforcrews-staging.boudig.uk\/es\/soluciones-calzado-laboral\/medir-resistancia-deslizamiento\/","title":{"rendered":"How is slip resistance measured?"},"content":{"rendered":"<p>[vc_row css_animation=\u00bbfadeIn\u00bb css=\u00bb.vc_custom_1731927825927{margin-top: 5% !important;}\u00bb][vc_column][vc_column_text]No todos los zapatos antideslizantes son iguales. El grado de agarre de un zapato puede variar considerablemente, incluso en el caso del calzado de seguridad certificado como \u00abantideslizante\u00bb. A\u00f1o tras a\u00f1o, el calzado de Shoes For Crews ha superado la norma europea relativa a la resistencia al deslizamiento.<\/p>\n<p>Con <a href=\"https:\/\/shoesforcrews.pro\/es\/nuestra-tecnologia-seguridad\/\" target=\"_blank\" rel=\"noopener\" hreflang=\"es\" >nuestras revolucionarias suelas antideslizantes<\/a>, protegemos a millones de trabajadores de todo el mundo con una amplia gama de zapatos de trabajo de calidad.<br \/>\n<strong>Tenemos la misi\u00f3n de proteger a los trabajadores con soluciones de calzado protector c\u00f3modo y de calidad.<\/strong><\/p>\n<p>Pero, \u00bfqu\u00e9 es un zapato antideslizante y c\u00f3mo se mide su resistencia al deslizamiento?[\/vc_column_text][\/vc_column][vc_column css_animation=\u00bbfadeIn\u00bb][vc_video link=\u00bbhttps:\/\/www.youtube.com\/watch?v=rg_EgP_fMwU\u00bb align=\u00bbcenter\u00bb][\/vc_column][vc_column css_animation=\u00bbfadeIn\u00bb][vc_column_text]<\/p>\n<div class=\"wpb_text_column wpb_content_element vc_custom_1659943358015\">\n<h2 class=\"wpb_wrapper\"><span style=\"font-size: 18pt;\">\u00bfQu\u00e9 es un zapato antideslizante?<br \/>\n<\/span><\/h2>\n<p>Un calzado antideslizante est\u00e1 dise\u00f1ado para ayudar a prevenir lesiones causadas por resbalones, ca\u00eddas y tropiezos en superficies h\u00famedas o grasientas.<\/p>\n<p>Todos nuestros modelos Shoes For Crews han sido dise\u00f1ados para proteger a su plantilla de resbalones y ca\u00eddas en el lugar de trabajo, gracias a <strong>nuestra exclusiva suela antideslizante patentada<\/strong>.<\/p>\n<h2>Nuevo est\u00e1ndar para las pruebas de resistencia al deslizamiento del calzado perteneciente a los equipos de protecci\u00f3n personal (EPP)<\/h2>\n<p>A finales de 2021, la Organizaci\u00f3n Internacional de Normalizaci\u00f3n (ISO) revis\u00f3 los est\u00e1ndares para las pruebas de resistencia al deslizamiento. La norma <strong>EN ISO 20344:2011 ha sido sustituida por la nueva norma EN ISO 20344:2021.<\/strong><\/p>\n<p>Vigente desde principios de 2022, esta normativa sirve para comprobar la resistencia al deslizamiento de los EPP (equipos de protecci\u00f3n personal).<\/p>\n<h3>Requisitos para el calzado EPP<\/h3>\n<ul>\n<li>EN ISO 20345:2022: norma para calzado de seguridad<\/li>\n<li>EN ISO 20347:2022: norma para el calzado de trabajo<\/li>\n<li>EN ISO 13287:2020-02: no es aplicable al calzado para usos especiales que contenga clavos, tachuelas met\u00e1licas o elementos similares.<\/li>\n<\/ul>\n<h2><span style=\"font-size: 18pt;\">\u00bfC\u00f3mo se mide la resistencia al deslizamiento de un zapato?<\/span><\/h2>\n<p>Para comprobar el grado de resistencia al deslizamiento de un zapato, \u00e9ste<strong> se coloca en distintas posiciones<\/strong> y tipos de suelos en un dispositivo de medici\u00f3n<\/p>\n<p>Footwear which has passed the test for slip-resistance will be marked with the SR code: Como ya se ha mencionado, el calzado <strong>se somete a pruebas de resistencia al deslizamiento de acuerdo con todas las directivas europeas sobre los m\u00e9todos de prueba de la norma EN ISO 20344:2021.<\/strong> Los zapatos que superan la prueba de deslizamiento se identifican con el marcaje SR.<\/p>\n<ul>\n<li><strong>Requisito est\u00e1ndar:<\/strong> prueba de resistencia al deslizamiento en <strong>suelos cer\u00e1micos con laurilsulfato s\u00f3dico (SLS).<\/strong><\/li>\n<li><strong>Requisito SR:<\/strong> prueba de resistencia al deslizamiento en<strong> suelos cer\u00e1micos con glicerina.<\/strong><\/li>\n<\/ul>\n<\/div>\n<p>[\/vc_column_text][\/vc_column][\/vc_row][vc_row css_animation=\u00bbfadeIn\u00bb][vc_column][vc_column_text]<\/p>\n<h2><span style=\"font-size: 18pt;\">Clasificaci\u00f3n del calzado de trabajo y de seguridad<\/span><\/h2>\n<p>Adem\u00e1s, <strong>se establece la diferencia entre el calzado de trabajo y el de seguridad<\/strong>, ya que no todos los zapatos de trabajo se clasifican autom\u00e1ticamente como zapatos de seguridad. <strong>El calzado de seguridad debe tener una puntera que soporte al menos 200 julios de carga.<\/strong> Aunque los zapatos de trabajo puedan tener un componente de protecci\u00f3n, no tienen puntera. Tambi\u00e9n se pueden dividir en las clases siguientes:<\/p>\n<h3><span style=\"font-size: 14pt;\">1. Clasificaci\u00f3n del calzado de uso laboral<br \/>\n<\/span><\/h3>\n<p>[\/vc_column_text][vc_single_image image=\u00bb6572&#8243; img_size=\u00bbfull\u00bb alignment=\u00bbcenter\u00bb][vc_column_text]<\/p>\n<h3>2. Clasificaci\u00f3n del calzado de seguridad<\/h3>\n<p>[\/vc_column_text][vc_single_image image=\u00bb6573&#8243; img_size=\u00bbfull\u00bb alignment=\u00bbcenter\u00bb][vc_column_text]<\/p>\n<h3>3. Requisitos adicionales:<\/h3>\n<p>Con la nueva normativa, pasamos a tener 18 requisitos adicionales en lugar de los 12 anteriores.<\/p>\n<ul>\n<li><strong>A<\/strong> &#8211; Calzado antiest\u00e1tico<\/li>\n<li><strong><strong>AN<\/strong><span style=\"font-weight: 400;\"> &#8211; Protecci\u00f3n al tobillo<\/span><\/strong><\/li>\n<li><strong><strong>C<\/strong><span style=\"font-weight: 400;\"> &#8211; Calzado parcialmente conductor<\/span><\/strong><\/li>\n<li><strong>CI<\/strong> &#8211; Aislamiento al fr\u00edo<\/li>\n<li><strong>CR<\/strong> &#8211; Resistencia al corte<\/li>\n<li><strong>E<\/strong> &#8211; Absorci\u00f3n de energ\u00eda del tac\u00f3n<\/li>\n<li><strong>FO<\/strong> &#8211; Resistencia a los hidrocarburos<\/li>\n<li><strong>HI<\/strong> &#8211; Aislamiento al calor<\/li>\n<li><strong>HRO<\/strong> &#8211; Resistencia al calor por contacto<\/li>\n<li><strong>LG<\/strong> &#8211; Agarre para escalera<\/li>\n<li><strong>M<\/strong> &#8211; Protecci\u00f3n metatarsiana<\/li>\n<li><strong>P<\/strong> &#8211; Resistencia a la perforaci\u00f3n (con planta met\u00e1lica)<\/li>\n<li><strong>PL<\/strong> &#8211; Resistencia a la perforaci\u00f3n (con planta no met\u00e1lica para clavos de 4,5 mm)<\/li>\n<li><strong>PS<\/strong> &#8211; Resistencia a la perforaci\u00f3n (con planta no met\u00e1lica para clavos de 3,0 mm)<\/li>\n<li><strong>SC<\/strong> &#8211; Sobrepuntera resistente a la abrasi\u00f3n y los ara\u00f1azos<\/li>\n<li><strong>SR<\/strong> &#8211; Resistencia al deslizamiento\u00a0en suelos cer\u00e1micos con glicerina<\/li>\n<li><strong>WPA<\/strong> &#8211; Resistencia a la penetraci\u00f3n y absorci\u00f3n de agua<\/li>\n<li><strong>WR<\/strong> &#8211; Resistencia al agua<\/li>\n<\/ul>\n<p>[\/vc_column_text][vc_column_text]La resistencia al deslizamiento es clave para evitar resbalones, tropiezos y ca\u00eddas en el lugar de trabajo. Si necesitas soluciones que te ayuden a mejorar la seguridad y la comodidad de tu personal, o si buscas un zapato que se adapte a un puesto de trabajo espec\u00edfico, no dudes en <a href=\"https:\/\/shoesforcrews.pro\/es\/contacto\/\" target=\"_blank\" rel=\"noopener\" hreflang=\"es\" >ponerse en contacto con nosotros<\/a>. Nuestros expertos estar\u00e1n encantados de ayudarte.[\/vc_column_text][\/vc_column][\/vc_row][vc_row full_width=\u00bbstretch_row\u00bb equal_height=\u00bbyes\u00bb css_animation=\u00bbfadeIn\u00bb enable_fixed_background=\u00bbtrue\u00bb css=\u00bb.vc_custom_1731927856950{background-image: url(https:\/\/shoesforcrews.pro\/wp-content\/uploads\/2022\/06\/increase-safety-shoes-for-crews.jpg?id=1232) !important;background-position: center !important;background-repeat: no-repeat !important;background-size: cover !important;}\u00bb][vc_column][vc_column_text]<\/p>\n<div class=\"vc_wp_text wpb_content_element\">\n<div class=\"widget widget_text\">\n<div class=\"textwidget\">\n<h3 style=\"text-align: center;\"><span style=\"font-size: 18pt; color: #ffffff;\">\u00a1Contacta con nosotros!<\/span><\/h3>\n<p style=\"text-align: center;\"><span style=\"color: #ffffff;\">Te ayudaremos a encontrar el calzado adecuado para tus empleados. Tambi\u00e9n te proporcionaremos el apoyo necesario para\u00a0<b>alcanzar tus objetivos de seguridad con estilo y sensibilizar a tu equipo.<\/b><\/span><\/p>\n<\/div>\n<\/div>\n<\/div>\n<p>[\/vc_column_text][vc_column_text]\n\t\t\t\t\t\t<script>\n\t\t\t\t\t\t\twindow.hsFormsOnReady = window.hsFormsOnReady || [];\n\t\t\t\t\t\t\twindow.hsFormsOnReady.push(()=>{\n\t\t\t\t\t\t\t\thbspt.forms.create({\n\t\t\t\t\t\t\t\t\tportalId: 487275,\n\t\t\t\t\t\t\t\t\tformId: \"f1d1be4d-8c4f-44ff-b86c-bf377cd55d42\",\n\t\t\t\t\t\t\t\t\ttarget: \"#hbspt-form-1776769884000-9159521622\",\n\t\t\t\t\t\t\t\t\tregion: \"eu1\",\n\t\t\t\t\t\t\t\t\t\n\t\t\t\t\t\t\t})});\n\t\t\t\t\t\t<\/script>\n\t\t\t\t\t\t<div class=\"hbspt-form\" id=\"hbspt-form-1776769884000-9159521622\"><\/div>[\/vc_column_text][vc_column_text]<span style=\"font-size: 10pt; color: #ffffff;\">*Shoes For Crews (Europe) Ltd. se reserva el derecho de evaluar tu solicitud y tu proyecto profesional antes de aceptar tu petici\u00f3n de un par de zapatos gratis. Ten en cuenta que esta oferta no es v\u00e1lida para clientes minoristas y clientes actuales de Shoes For Crews; tambi\u00e9n excluye el calzado PUMA SAFETY.<\/span>[\/vc_column_text][\/vc_column][\/vc_row]<\/p>\n","protected":false},"excerpt":{"rendered":"<p>[vc_row css_animation=\u00bbfadeIn\u00bb css=\u00bb.vc_custom_1731927825927{margin-top: 5% !important;}\u00bb][vc_column][vc_column_text]No todos los zapatos antideslizantes son iguales. El grado de agarre de un zapato puede variar considerablemente, incluso en el caso del calzado de seguridad certificado como \u00abantideslizante\u00bb. A\u00f1o tras a\u00f1o, el calzado de Shoes For Crews ha superado la norma europea relativa a la resistencia al deslizamiento. Con nuestras revolucionarias [&hellip;]<\/p>\n","protected":false},"author":2,"featured_media":0,"parent":42,"menu_order":0,"comment_status":"closed","ping_status":"closed","template":"tpl-landing-page.php","meta":{"content-type":"","footnotes":""},"class_list":["post-468","page","type-page","status-publish","hentry"],"yoast_head":"<!-- This site is optimized with the Yoast SEO plugin v25.6 - https:\/\/yoast.com\/wordpress\/plugins\/seo\/ -->\n<title>\u00bfC\u00f3mo se mide la resistencia al deslizamiento? | Shoes For Crews<\/title>\n<meta name=\"description\" content=\"Descubre c\u00f3mo funcionan las pruebas de resistencia al deslizamiento, las normas al respecto y clasificaciones para elegir el buen calzado.\" \/>\n<meta name=\"robots\" content=\"noindex, follow, max-snippet:-1, max-image-preview:large, max-video-preview:-1\" \/>\n<meta property=\"og:locale\" content=\"es_ES\" \/>\n<meta property=\"og:type\" content=\"article\" \/>\n<meta property=\"og:title\" content=\"\u00bfC\u00f3mo se mide la resistencia al deslizamiento? | Shoes For Crews\" \/>\n<meta property=\"og:description\" content=\"Descubre c\u00f3mo funcionan las pruebas de resistencia al deslizamiento, las normas al respecto y clasificaciones para elegir el buen calzado.\" \/>\n<meta property=\"og:url\" content=\"https:\/\/shoesforcrews-staging.boudig.uk\/es\/soluciones-calzado-laboral\/medir-resistancia-deslizamiento\/\" \/>\n<meta property=\"og:site_name\" content=\"Shoes For Crews ES\" \/>\n<meta property=\"article:modified_time\" content=\"2024-11-22T14:07:24+00:00\" \/>\n<meta name=\"twitter:card\" content=\"summary_large_image\" \/>\n<meta name=\"twitter:label1\" content=\"Tiempo de lectura\" \/>\n\t<meta name=\"twitter:data1\" content=\"4 minutos\" \/>\n<script type=\"application\/ld+json\" class=\"yoast-schema-graph\">{\"@context\":\"https:\/\/schema.org\",\"@graph\":[{\"@type\":\"WebPage\",\"@id\":\"https:\/\/shoesforcrews-staging.boudig.uk\/es\/soluciones-calzado-laboral\/medir-resistancia-deslizamiento\/\",\"url\":\"https:\/\/shoesforcrews-staging.boudig.uk\/es\/soluciones-calzado-laboral\/medir-resistancia-deslizamiento\/\",\"name\":\"\u00bfC\u00f3mo se mide la resistencia al deslizamiento? | Shoes For Crews\",\"isPartOf\":{\"@id\":\"https:\/\/shoesforcrews-staging.boudig.uk\/es\/#website\"},\"datePublished\":\"2023-02-02T14:14:34+00:00\",\"dateModified\":\"2024-11-22T14:07:24+00:00\",\"description\":\"Descubre c\u00f3mo funcionan las pruebas de resistencia al deslizamiento, las normas al respecto y clasificaciones para elegir el buen calzado.\",\"breadcrumb\":{\"@id\":\"https:\/\/shoesforcrews-staging.boudig.uk\/es\/soluciones-calzado-laboral\/medir-resistancia-deslizamiento\/#breadcrumb\"},\"inLanguage\":\"es\",\"potentialAction\":[{\"@type\":\"ReadAction\",\"target\":[\"https:\/\/shoesforcrews-staging.boudig.uk\/es\/soluciones-calzado-laboral\/medir-resistancia-deslizamiento\/\"]}]},{\"@type\":\"BreadcrumbList\",\"@id\":\"https:\/\/shoesforcrews-staging.boudig.uk\/es\/soluciones-calzado-laboral\/medir-resistancia-deslizamiento\/#breadcrumb\",\"itemListElement\":[{\"@type\":\"ListItem\",\"position\":1,\"name\":\"Volver\",\"item\":\"https:\/\/shoesforcrews-staging.boudig.uk\/es\/blog-seguridad-salud-trabajo\/\"},{\"@type\":\"ListItem\",\"position\":2,\"name\":\"Calzado laboral\",\"item\":\"https:\/\/shoesforcrews-staging.boudig.uk\/es\/soluciones-calzado-laboral\/\"},{\"@type\":\"ListItem\",\"position\":3,\"name\":\"How is slip resistance measured?\"}]},{\"@type\":\"WebSite\",\"@id\":\"https:\/\/shoesforcrews-staging.boudig.uk\/es\/#website\",\"url\":\"https:\/\/shoesforcrews-staging.boudig.uk\/es\/\",\"name\":\"Shoes For Crews ES\",\"description\":\"\",\"publisher\":{\"@id\":\"https:\/\/shoesforcrews-staging.boudig.uk\/es\/#organization\"},\"potentialAction\":[{\"@type\":\"SearchAction\",\"target\":{\"@type\":\"EntryPoint\",\"urlTemplate\":\"https:\/\/shoesforcrews-staging.boudig.uk\/es\/?s={search_term_string}\"},\"query-input\":{\"@type\":\"PropertyValueSpecification\",\"valueRequired\":true,\"valueName\":\"search_term_string\"}}],\"inLanguage\":\"es\"},{\"@type\":\"Organization\",\"@id\":\"https:\/\/shoesforcrews-staging.boudig.uk\/es\/#organization\",\"name\":\"Shoes For Crews ES\",\"url\":\"https:\/\/shoesforcrews-staging.boudig.uk\/es\/\",\"logo\":{\"@type\":\"ImageObject\",\"inLanguage\":\"es\",\"@id\":\"https:\/\/shoesforcrews-staging.boudig.uk\/es\/#\/schema\/logo\/image\/\",\"url\":\"https:\/\/shoesforcrews-staging.boudig.uk\/es\/wp-content\/uploads\/2024\/09\/SFC-logo-blue-1.jpg\",\"contentUrl\":\"https:\/\/shoesforcrews-staging.boudig.uk\/es\/wp-content\/uploads\/2024\/09\/SFC-logo-blue-1.jpg\",\"caption\":\"Shoes For Crews ES\"},\"image\":{\"@id\":\"https:\/\/shoesforcrews-staging.boudig.uk\/es\/#\/schema\/logo\/image\/\"}}]}<\/script>\n<!-- \/ Yoast SEO plugin. -->","yoast_head_json":{"title":"\u00bfC\u00f3mo se mide la resistencia al deslizamiento? | Shoes For Crews","description":"Descubre c\u00f3mo funcionan las pruebas de resistencia al deslizamiento, las normas al respecto y clasificaciones para elegir el buen calzado.","robots":{"index":"noindex","follow":"follow","max-snippet":"max-snippet:-1","max-image-preview":"max-image-preview:large","max-video-preview":"max-video-preview:-1"},"og_locale":"es_ES","og_type":"article","og_title":"\u00bfC\u00f3mo se mide la resistencia al deslizamiento? | Shoes For Crews","og_description":"Descubre c\u00f3mo funcionan las pruebas de resistencia al deslizamiento, las normas al respecto y clasificaciones para elegir el buen calzado.","og_url":"https:\/\/shoesforcrews-staging.boudig.uk\/es\/soluciones-calzado-laboral\/medir-resistancia-deslizamiento\/","og_site_name":"Shoes For Crews ES","article_modified_time":"2024-11-22T14:07:24+00:00","twitter_card":"summary_large_image","twitter_misc":{"Tiempo de lectura":"4 minutos"},"schema":{"@context":"https:\/\/schema.org","@graph":[{"@type":"WebPage","@id":"https:\/\/shoesforcrews-staging.boudig.uk\/es\/soluciones-calzado-laboral\/medir-resistancia-deslizamiento\/","url":"https:\/\/shoesforcrews-staging.boudig.uk\/es\/soluciones-calzado-laboral\/medir-resistancia-deslizamiento\/","name":"\u00bfC\u00f3mo se mide la resistencia al deslizamiento? | Shoes For Crews","isPartOf":{"@id":"https:\/\/shoesforcrews-staging.boudig.uk\/es\/#website"},"datePublished":"2023-02-02T14:14:34+00:00","dateModified":"2024-11-22T14:07:24+00:00","description":"Descubre c\u00f3mo funcionan las pruebas de resistencia al deslizamiento, las normas al respecto y clasificaciones para elegir el buen calzado.","breadcrumb":{"@id":"https:\/\/shoesforcrews-staging.boudig.uk\/es\/soluciones-calzado-laboral\/medir-resistancia-deslizamiento\/#breadcrumb"},"inLanguage":"es","potentialAction":[{"@type":"ReadAction","target":["https:\/\/shoesforcrews-staging.boudig.uk\/es\/soluciones-calzado-laboral\/medir-resistancia-deslizamiento\/"]}]},{"@type":"BreadcrumbList","@id":"https:\/\/shoesforcrews-staging.boudig.uk\/es\/soluciones-calzado-laboral\/medir-resistancia-deslizamiento\/#breadcrumb","itemListElement":[{"@type":"ListItem","position":1,"name":"Volver","item":"https:\/\/shoesforcrews-staging.boudig.uk\/es\/blog-seguridad-salud-trabajo\/"},{"@type":"ListItem","position":2,"name":"Calzado laboral","item":"https:\/\/shoesforcrews-staging.boudig.uk\/es\/soluciones-calzado-laboral\/"},{"@type":"ListItem","position":3,"name":"How is slip resistance measured?"}]},{"@type":"WebSite","@id":"https:\/\/shoesforcrews-staging.boudig.uk\/es\/#website","url":"https:\/\/shoesforcrews-staging.boudig.uk\/es\/","name":"Shoes For Crews ES","description":"","publisher":{"@id":"https:\/\/shoesforcrews-staging.boudig.uk\/es\/#organization"},"potentialAction":[{"@type":"SearchAction","target":{"@type":"EntryPoint","urlTemplate":"https:\/\/shoesforcrews-staging.boudig.uk\/es\/?s={search_term_string}"},"query-input":{"@type":"PropertyValueSpecification","valueRequired":true,"valueName":"search_term_string"}}],"inLanguage":"es"},{"@type":"Organization","@id":"https:\/\/shoesforcrews-staging.boudig.uk\/es\/#organization","name":"Shoes For Crews ES","url":"https:\/\/shoesforcrews-staging.boudig.uk\/es\/","logo":{"@type":"ImageObject","inLanguage":"es","@id":"https:\/\/shoesforcrews-staging.boudig.uk\/es\/#\/schema\/logo\/image\/","url":"https:\/\/shoesforcrews-staging.boudig.uk\/es\/wp-content\/uploads\/2024\/09\/SFC-logo-blue-1.jpg","contentUrl":"https:\/\/shoesforcrews-staging.boudig.uk\/es\/wp-content\/uploads\/2024\/09\/SFC-logo-blue-1.jpg","caption":"Shoes For Crews ES"},"image":{"@id":"https:\/\/shoesforcrews-staging.boudig.uk\/es\/#\/schema\/logo\/image\/"}}]}},"_links":{"self":[{"href":"https:\/\/shoesforcrews-staging.boudig.uk\/es\/wp-json\/wp\/v2\/pages\/468"}],"collection":[{"href":"https:\/\/shoesforcrews-staging.boudig.uk\/es\/wp-json\/wp\/v2\/pages"}],"about":[{"href":"https:\/\/shoesforcrews-staging.boudig.uk\/es\/wp-json\/wp\/v2\/types\/page"}],"author":[{"embeddable":true,"href":"https:\/\/shoesforcrews-staging.boudig.uk\/es\/wp-json\/wp\/v2\/users\/2"}],"replies":[{"embeddable":true,"href":"https:\/\/shoesforcrews-staging.boudig.uk\/es\/wp-json\/wp\/v2\/comments?post=468"}],"version-history":[{"count":12,"href":"https:\/\/shoesforcrews-staging.boudig.uk\/es\/wp-json\/wp\/v2\/pages\/468\/revisions"}],"predecessor-version":[{"id":1434,"href":"https:\/\/shoesforcrews-staging.boudig.uk\/es\/wp-json\/wp\/v2\/pages\/468\/revisions\/1434"}],"up":[{"embeddable":true,"href":"https:\/\/shoesforcrews-staging.boudig.uk\/es\/wp-json\/wp\/v2\/pages\/42"}],"wp:attachment":[{"href":"https:\/\/shoesforcrews-staging.boudig.uk\/es\/wp-json\/wp\/v2\/media?parent=468"}],"curies":[{"name":"wp","href":"https:\/\/api.w.org\/{rel}","templated":true}]}}