{"id":10,"date":"2022-06-29T23:02:47","date_gmt":"2022-06-29T23:02:47","guid":{"rendered":"https:\/\/shoesforcrews.pro\/es\/?page_id=10"},"modified":"2024-10-01T10:18:19","modified_gmt":"2024-10-01T10:18:19","slug":"contacto","status":"publish","type":"page","link":"https:\/\/shoesforcrews-staging.boudig.uk\/es\/contacto\/","title":{"rendered":"Contacto"},"content":{"rendered":"<p>[vc_row full_width=\u00bbstretch_row\u00bb enable_fixed_background=\u00bbtrue\u00bb css=\u00bb.vc_custom_1727777874001{background-image: url(https:\/\/shoesforcrews.pro\/es\/wp-content\/uploads\/2024\/10\/Contact-SFC.webp?id=6207) !important;background-position: center !important;background-repeat: no-repeat !important;background-size: cover !important;}\u00bb][vc_column][vc_wp_text]<\/p>\n<h1 style=\"text-align: center;\"><span style=\"color: #ffffff; font-size: 24pt;\">Habla con nuestros expertos en calzado<\/span><\/h1>\n<p><span style=\"font-size: 14pt; color: #ffffff;\">Te ayudaremos a encontrar <strong>el<\/strong> <strong>calzado adecuado para tus empleados<\/strong>. Tambi\u00e9n te proporcionaremos el apoyo necesario para <strong>alcanzar tus objetivos de seguridad con estilo<\/strong> y sensibilizar a tu equipo.<\/span>[\/vc_wp_text][vc_column_text]<\/p>\n<p style=\"text-align: center;\">\n\t\t\t\t\t\t<script>\n\t\t\t\t\t\t\twindow.hsFormsOnReady = window.hsFormsOnReady || [];\n\t\t\t\t\t\t\twindow.hsFormsOnReady.push(()=>{\n\t\t\t\t\t\t\t\thbspt.forms.create({\n\t\t\t\t\t\t\t\t\tportalId: 487275,\n\t\t\t\t\t\t\t\t\tformId: \"183cd58d-e3da-4600-8f5a-70cceef33384\",\n\t\t\t\t\t\t\t\t\ttarget: \"#hbspt-form-1776309856000-0687828778\",\n\t\t\t\t\t\t\t\t\tregion: \"eu1\",\n\t\t\t\t\t\t\t\t\t\n\t\t\t\t\t\t\t})});\n\t\t\t\t\t\t<\/script>\n\t\t\t\t\t\t<div class=\"hbspt-form\" id=\"hbspt-form-1776309856000-0687828778\"><\/div>\n<p>[\/vc_column_text][vc_column_text]<span style=\"font-size: 10pt; color: #ffffff;\">*Shoes For Crews (Europe) Ltd. se reserva el derecho de evaluar tu solicitud y tu proyecto profesional antes de aceptar tu petici\u00f3n de prueba de zapatos. Ten en cuenta que esta oferta no es v\u00e1lida para clientes minoristas y clientes actuales de Shoes For Crews; tambi\u00e9n excluye el calzado PUMA SAFETY.<\/span>[\/vc_column_text][\/vc_column][\/vc_row]<\/p>\n","protected":false},"excerpt":{"rendered":"<p>[vc_row full_width=\u00bbstretch_row\u00bb enable_fixed_background=\u00bbtrue\u00bb css=\u00bb.vc_custom_1727777874001{background-image: url(https:\/\/shoesforcrews.pro\/es\/wp-content\/uploads\/2024\/10\/Contact-SFC.webp?id=6207) !important;background-position: center !important;background-repeat: no-repeat !important;background-size: cover !important;}\u00bb][vc_column][vc_wp_text] Habla con nuestros expertos en calzado Te ayudaremos a encontrar el calzado adecuado para tus empleados. Tambi\u00e9n te proporcionaremos el apoyo necesario para alcanzar tus objetivos de seguridad con estilo y sensibilizar a tu equipo.[\/vc_wp_text][vc_column_text] [\/vc_column_text][vc_column_text]*Shoes For Crews (Europe) Ltd. se reserva el [&hellip;]<\/p>\n","protected":false},"author":1,"featured_media":0,"parent":0,"menu_order":1,"comment_status":"closed","ping_status":"closed","template":"tpl-landing-page.php","meta":{"content-type":"","footnotes":""},"class_list":["post-10","page","type-page","status-publish","hentry"],"yoast_head":"<!-- This site is optimized with the Yoast SEO plugin v25.6 - https:\/\/yoast.com\/wordpress\/plugins\/seo\/ -->\n<title>Contacta con nosotros | Shoes For Crews<\/title>\n<meta name=\"robots\" content=\"noindex, follow, max-snippet:-1, max-image-preview:large, max-video-preview:-1\" \/>\n<meta property=\"og:locale\" content=\"es_ES\" \/>\n<meta property=\"og:type\" content=\"article\" \/>\n<meta property=\"og:title\" content=\"Contacta con nosotros | Shoes For Crews\" \/>\n<meta property=\"og:description\" content=\"[vc_row full_width=\u00bbstretch_row\u00bb enable_fixed_background=\u00bbtrue\u00bb css=\u00bb.vc_custom_1727777874001{background-image: url(https:\/\/shoesforcrews.pro\/es\/wp-content\/uploads\/2024\/10\/Contact-SFC.webp?id=6207) !important;background-position: center !important;background-repeat: no-repeat !important;background-size: cover !important;}\u00bb][vc_column][vc_wp_text] Habla con nuestros expertos en calzado Te ayudaremos a encontrar el calzado adecuado para tus empleados. Tambi\u00e9n te proporcionaremos el apoyo necesario para alcanzar tus objetivos de seguridad con estilo y sensibilizar a tu equipo.[\/vc_wp_text][vc_column_text] [\/vc_column_text][vc_column_text]*Shoes For Crews (Europe) Ltd. se reserva el [&hellip;]\" \/>\n<meta property=\"og:url\" content=\"https:\/\/shoesforcrews-staging.boudig.uk\/es\/contacto\/\" \/>\n<meta property=\"og:site_name\" content=\"Shoes For Crews ES\" \/>\n<meta property=\"article:modified_time\" content=\"2024-10-01T10:18:19+00:00\" \/>\n<meta name=\"twitter:card\" content=\"summary_large_image\" \/>\n<meta name=\"twitter:label1\" content=\"Tiempo de lectura\" \/>\n\t<meta name=\"twitter:data1\" content=\"1 minuto\" \/>\n<script type=\"application\/ld+json\" class=\"yoast-schema-graph\">{\"@context\":\"https:\/\/schema.org\",\"@graph\":[{\"@type\":\"WebPage\",\"@id\":\"https:\/\/shoesforcrews-staging.boudig.uk\/es\/contacto\/\",\"url\":\"https:\/\/shoesforcrews-staging.boudig.uk\/es\/contacto\/\",\"name\":\"Contacta con nosotros | Shoes For Crews\",\"isPartOf\":{\"@id\":\"https:\/\/shoesforcrews-staging.boudig.uk\/es\/#website\"},\"datePublished\":\"2022-06-29T23:02:47+00:00\",\"dateModified\":\"2024-10-01T10:18:19+00:00\",\"breadcrumb\":{\"@id\":\"https:\/\/shoesforcrews-staging.boudig.uk\/es\/contacto\/#breadcrumb\"},\"inLanguage\":\"es\",\"potentialAction\":[{\"@type\":\"ReadAction\",\"target\":[\"https:\/\/shoesforcrews-staging.boudig.uk\/es\/contacto\/\"]}]},{\"@type\":\"BreadcrumbList\",\"@id\":\"https:\/\/shoesforcrews-staging.boudig.uk\/es\/contacto\/#breadcrumb\",\"itemListElement\":[{\"@type\":\"ListItem\",\"position\":1,\"name\":\"Volver\",\"item\":\"https:\/\/shoesforcrews-staging.boudig.uk\/es\/blog-seguridad-salud-trabajo\/\"},{\"@type\":\"ListItem\",\"position\":2,\"name\":\"Contacto\"}]},{\"@type\":\"WebSite\",\"@id\":\"https:\/\/shoesforcrews-staging.boudig.uk\/es\/#website\",\"url\":\"https:\/\/shoesforcrews-staging.boudig.uk\/es\/\",\"name\":\"Shoes For Crews ES\",\"description\":\"\",\"publisher\":{\"@id\":\"https:\/\/shoesforcrews-staging.boudig.uk\/es\/#organization\"},\"potentialAction\":[{\"@type\":\"SearchAction\",\"target\":{\"@type\":\"EntryPoint\",\"urlTemplate\":\"https:\/\/shoesforcrews-staging.boudig.uk\/es\/?s={search_term_string}\"},\"query-input\":{\"@type\":\"PropertyValueSpecification\",\"valueRequired\":true,\"valueName\":\"search_term_string\"}}],\"inLanguage\":\"es\"},{\"@type\":\"Organization\",\"@id\":\"https:\/\/shoesforcrews-staging.boudig.uk\/es\/#organization\",\"name\":\"Shoes For Crews ES\",\"url\":\"https:\/\/shoesforcrews-staging.boudig.uk\/es\/\",\"logo\":{\"@type\":\"ImageObject\",\"inLanguage\":\"es\",\"@id\":\"https:\/\/shoesforcrews-staging.boudig.uk\/es\/#\/schema\/logo\/image\/\",\"url\":\"https:\/\/shoesforcrews-staging.boudig.uk\/es\/wp-content\/uploads\/2024\/09\/SFC-logo-blue-1.jpg\",\"contentUrl\":\"https:\/\/shoesforcrews-staging.boudig.uk\/es\/wp-content\/uploads\/2024\/09\/SFC-logo-blue-1.jpg\",\"caption\":\"Shoes For Crews ES\"},\"image\":{\"@id\":\"https:\/\/shoesforcrews-staging.boudig.uk\/es\/#\/schema\/logo\/image\/\"}}]}<\/script>\n<!-- \/ Yoast SEO plugin. -->","yoast_head_json":{"title":"Contacta con nosotros | Shoes For Crews","robots":{"index":"noindex","follow":"follow","max-snippet":"max-snippet:-1","max-image-preview":"max-image-preview:large","max-video-preview":"max-video-preview:-1"},"og_locale":"es_ES","og_type":"article","og_title":"Contacta con nosotros | Shoes For Crews","og_description":"[vc_row full_width=\u00bbstretch_row\u00bb enable_fixed_background=\u00bbtrue\u00bb css=\u00bb.vc_custom_1727777874001{background-image: url(https:\/\/shoesforcrews.pro\/es\/wp-content\/uploads\/2024\/10\/Contact-SFC.webp?id=6207) !important;background-position: center !important;background-repeat: no-repeat !important;background-size: cover !important;}\u00bb][vc_column][vc_wp_text] Habla con nuestros expertos en calzado Te ayudaremos a encontrar el calzado adecuado para tus empleados. Tambi\u00e9n te proporcionaremos el apoyo necesario para alcanzar tus objetivos de seguridad con estilo y sensibilizar a tu equipo.[\/vc_wp_text][vc_column_text] [\/vc_column_text][vc_column_text]*Shoes For Crews (Europe) Ltd. se reserva el [&hellip;]","og_url":"https:\/\/shoesforcrews-staging.boudig.uk\/es\/contacto\/","og_site_name":"Shoes For Crews ES","article_modified_time":"2024-10-01T10:18:19+00:00","twitter_card":"summary_large_image","twitter_misc":{"Tiempo de lectura":"1 minuto"},"schema":{"@context":"https:\/\/schema.org","@graph":[{"@type":"WebPage","@id":"https:\/\/shoesforcrews-staging.boudig.uk\/es\/contacto\/","url":"https:\/\/shoesforcrews-staging.boudig.uk\/es\/contacto\/","name":"Contacta con nosotros | Shoes For Crews","isPartOf":{"@id":"https:\/\/shoesforcrews-staging.boudig.uk\/es\/#website"},"datePublished":"2022-06-29T23:02:47+00:00","dateModified":"2024-10-01T10:18:19+00:00","breadcrumb":{"@id":"https:\/\/shoesforcrews-staging.boudig.uk\/es\/contacto\/#breadcrumb"},"inLanguage":"es","potentialAction":[{"@type":"ReadAction","target":["https:\/\/shoesforcrews-staging.boudig.uk\/es\/contacto\/"]}]},{"@type":"BreadcrumbList","@id":"https:\/\/shoesforcrews-staging.boudig.uk\/es\/contacto\/#breadcrumb","itemListElement":[{"@type":"ListItem","position":1,"name":"Volver","item":"https:\/\/shoesforcrews-staging.boudig.uk\/es\/blog-seguridad-salud-trabajo\/"},{"@type":"ListItem","position":2,"name":"Contacto"}]},{"@type":"WebSite","@id":"https:\/\/shoesforcrews-staging.boudig.uk\/es\/#website","url":"https:\/\/shoesforcrews-staging.boudig.uk\/es\/","name":"Shoes For Crews ES","description":"","publisher":{"@id":"https:\/\/shoesforcrews-staging.boudig.uk\/es\/#organization"},"potentialAction":[{"@type":"SearchAction","target":{"@type":"EntryPoint","urlTemplate":"https:\/\/shoesforcrews-staging.boudig.uk\/es\/?s={search_term_string}"},"query-input":{"@type":"PropertyValueSpecification","valueRequired":true,"valueName":"search_term_string"}}],"inLanguage":"es"},{"@type":"Organization","@id":"https:\/\/shoesforcrews-staging.boudig.uk\/es\/#organization","name":"Shoes For Crews ES","url":"https:\/\/shoesforcrews-staging.boudig.uk\/es\/","logo":{"@type":"ImageObject","inLanguage":"es","@id":"https:\/\/shoesforcrews-staging.boudig.uk\/es\/#\/schema\/logo\/image\/","url":"https:\/\/shoesforcrews-staging.boudig.uk\/es\/wp-content\/uploads\/2024\/09\/SFC-logo-blue-1.jpg","contentUrl":"https:\/\/shoesforcrews-staging.boudig.uk\/es\/wp-content\/uploads\/2024\/09\/SFC-logo-blue-1.jpg","caption":"Shoes For Crews ES"},"image":{"@id":"https:\/\/shoesforcrews-staging.boudig.uk\/es\/#\/schema\/logo\/image\/"}}]}},"_links":{"self":[{"href":"https:\/\/shoesforcrews-staging.boudig.uk\/es\/wp-json\/wp\/v2\/pages\/10"}],"collection":[{"href":"https:\/\/shoesforcrews-staging.boudig.uk\/es\/wp-json\/wp\/v2\/pages"}],"about":[{"href":"https:\/\/shoesforcrews-staging.boudig.uk\/es\/wp-json\/wp\/v2\/types\/page"}],"author":[{"embeddable":true,"href":"https:\/\/shoesforcrews-staging.boudig.uk\/es\/wp-json\/wp\/v2\/users\/1"}],"replies":[{"embeddable":true,"href":"https:\/\/shoesforcrews-staging.boudig.uk\/es\/wp-json\/wp\/v2\/comments?post=10"}],"version-history":[{"count":8,"href":"https:\/\/shoesforcrews-staging.boudig.uk\/es\/wp-json\/wp\/v2\/pages\/10\/revisions"}],"predecessor-version":[{"id":1251,"href":"https:\/\/shoesforcrews-staging.boudig.uk\/es\/wp-json\/wp\/v2\/pages\/10\/revisions\/1251"}],"wp:attachment":[{"href":"https:\/\/shoesforcrews-staging.boudig.uk\/es\/wp-json\/wp\/v2\/media?parent=10"}],"curies":[{"name":"wp","href":"https:\/\/api.w.org\/{rel}","templated":true}]}}