{"id":7,"date":"2022-06-29T22:15:03","date_gmt":"2022-06-29T22:15:03","guid":{"rendered":"https:\/\/shoesforcrews.pro\/de\/?page_id=7"},"modified":"2025-11-19T16:48:16","modified_gmt":"2025-11-19T16:48:16","slug":"home","status":"publish","type":"page","link":"https:\/\/shoesforcrews-staging.boudig.uk\/de\/","title":{"rendered":"Homepage"},"content":{"rendered":"<p>[vc_row full_width=&#8220;stretch_row&#8220; css=&#8220;.vc_custom_1763046831841{background-color: #eaebe2 !important;}&#8220;][vc_column width=&#8220;1\/3&#8243;]<div class=\"vc-image-text--icon--left--80-20\"><div class=\"vc-image-text__image-container\"><img decoding=\"async\" class=\"vc-image-text__image\" src=\"https:\/\/shoesforcrews-staging.boudig.uk\/de\/wp-content\/uploads\/2025\/11\/checkmark.webp\" alt=\"\" title=\"\" \/><\/div><div class=\"vc-image-text__text\"><p>Reduzieren Sie Unf\u00e4lle als Folge von Ausrutschen oder St\u00fcrzen<\/p><\/div><\/div>[\/vc_column][vc_column width=&#8220;1\/3&#8243;]<div class=\"vc-image-text--icon--left--80-20\"><div class=\"vc-image-text__image-container\"><img decoding=\"async\" class=\"vc-image-text__image\" src=\"https:\/\/shoesforcrews-staging.boudig.uk\/de\/wp-content\/uploads\/2025\/11\/checkmark.webp\" alt=\"\" title=\"\" \/><\/div><div class=\"vc-image-text__text\"><p>Robust und langlebig<\/p><\/div><\/div>[\/vc_column][vc_column width=&#8220;1\/3&#8243;]<div class=\"vc-image-text--icon--left--80-20\"><div class=\"vc-image-text__image-container\"><img decoding=\"async\" class=\"vc-image-text__image\" src=\"https:\/\/shoesforcrews-staging.boudig.uk\/de\/wp-content\/uploads\/2025\/11\/checkmark.webp\" alt=\"\" title=\"\" \/><\/div><div class=\"vc-image-text__text\"><p>Verbessern Sie die Sicherheit am Arbeitsplatz<\/p><\/div><\/div>[\/vc_column][\/vc_row][vc_section full_width=&#8220;stretch_row&#8220; css=&#8220;.vc_custom_1704276458543{background-position: center !important;background-repeat: no-repeat !important;background-size: cover !important;}&#8220;][vc_row css_animation=&#8220;fadeIn&#8220;][vc_column][vc_column_text]<\/p>\n<h2 class=\"mobileTitles\" style=\"text-align: center;\"><span style=\"font-size: 18pt;\">Sicherheit, Mode, Komfort den ganzen Tag lang &#8211; jeden Tag in anspruchsvollen Arbeitssituationen.<\/span><\/h2>\n<p>[\/vc_column_text][vc_single_image image=&#8220;3794&#8243; img_size=&#8220;full&#8220; alignment=&#8220;center&#8220;]<div style=\"text-align: center\" ><a hreflang=\"de\" href=\"https:\/\/shoesforcrews.pro\/de\/katalog\/\" class=\"btn--secondary\" style=\"background-image: url()\">Entdecken Sie alle unsere Schuhe<\/a><\/div>[\/vc_column][\/vc_row][\/vc_section][vc_row full_width=&#8220;stretch_row&#8220; gap=&#8220;2&#8243; css_animation=&#8220;fadeIn&#8220; css=&#8220;.vc_custom_1763046836595{margin-top: 3% !important;}&#8220;][vc_column width=&#8220;1\/2&#8243;][vc_column_text]<\/p>\n<h2 style=\"text-align: center;\"><span style=\"font-size: 18pt;\">Testen Sie unsere Schuhe!*<br \/>\n<\/span><\/h2>\n<h3><span style=\"font-size: 14pt;\"><strong>Kontaktieren Sie unsere Experten<\/strong><\/span><\/h3>\n<p><span style=\"font-weight: 400;\">Unsere Fachkr\u00e4fte beraten Sie sachkundig und finden einen genau auf Ihre Bed\u00fcrfnisse und Ziele zugeschnittenen rutschhemmenden Sicherheitsschuh. Sch\u00fctzen Sie Ihr Team und schaffen Sie eine starke Sicherheitskultur ohne zus\u00e4tzlichen Aufwand.<\/span><\/p>\n<h3 style=\"text-align: left;\"><span style=\"font-size: 14pt;\"><strong>Sprechen Sie mit unseren Experten und Testen Sie unsere Schuhe!*<br \/>\n<\/strong><\/span><\/h3>\n<p style=\"text-align: left;\"><span style=\"font-weight: 400;\">Um die Vorteile unserer rutschhemmenden Arbeitsschuhe kennenzulernen, probieren Sie sie am besten aus! Ihr Team von Shoes For Crews unterst\u00fctzt Sie von Anfang bis Ende. Mit unserer Hilfe finden Sie das geeignete Schuhwerk. Von uns erhalten Sie die notwendige Unterst\u00fctzung, um die Einf\u00fchrung in Ihrem Unternehmen voranzutreiben und Ihre Sicherheitsziele zu erreichen.<\/span><\/p>\n<h3><span style=\"font-size: 14pt;\"><strong>Maximale Sicherheit am Arbeitsplatz mit Stil\u00a0<\/strong><\/span><\/h3>\n<p><span style=\"font-weight: 400;\">Mit branchenf\u00fchrenden Sicherheitsschuhen k\u00f6nnen Sie bis zu 80 % der Unf\u00e4lle und Verletzungen durch Ausrutschen und St\u00fcrzen verhindern. Sch\u00fctzen Sie Ihr Unternehmen, Ihre Belegschaft und Ihre Gewinne vor den verheerenden Auswirkungen eines Betriebsunfalls.\u00a0<\/span>[\/vc_column_text][\/vc_column][vc_column width=&#8220;1\/2&#8243; css=&#8220;.vc_custom_1704276706488{background-color: #21293C !important;}&#8220;][vc_column_text]<\/p>\n<h3 style=\"text-align: center;\"><span style=\"font-weight: 400; font-size: 18pt; color: #ffffff;\">Kontaktieren Sie uns! <\/span><\/h3>\n<p>[\/vc_column_text][vc_empty_space][vc_column_text el_id=&#8220;01&#8243;]\n\t\t\t\t\t\t<script>\n\t\t\t\t\t\t\twindow.hsFormsOnReady = window.hsFormsOnReady || [];\n\t\t\t\t\t\t\twindow.hsFormsOnReady.push(()=>{\n\t\t\t\t\t\t\t\thbspt.forms.create({\n\t\t\t\t\t\t\t\t\tportalId: 487275,\n\t\t\t\t\t\t\t\t\tformId: \"d85da208-5c16-4ec7-94b8-803e710f8d58\",\n\t\t\t\t\t\t\t\t\ttarget: \"#hbspt-form-1776652738000-5843499086\",\n\t\t\t\t\t\t\t\t\tregion: \"eu1\",\n\t\t\t\t\t\t\t\t\t\n\t\t\t\t\t\t\t})});\n\t\t\t\t\t\t<\/script>\n\t\t\t\t\t\t<div class=\"hbspt-form\" id=\"hbspt-form-1776652738000-5843499086\"><\/div>[\/vc_column_text][\/vc_column][\/vc_row][vc_row full_width=&#8220;stretch_row&#8220; css_animation=&#8220;fadeIn&#8220;][vc_column][vc_column_text]<span style=\"font-size: 10pt; color: #000000;\">*Shoes For Crews (Europe) Ltd. beh\u00e4lt sich das Recht vor, Ihre Anfrage und Ihr Projekt zu bewerten, bevor wir Ihre Anfrage nach dem Testen unserer Schuhe annehmen. Bitte beachten Sie, dass dieses Angebot nicht f\u00fcr f\u00fcr Privatkunden und bestehende Kunden von Shoes For Crews gilt; es schlie\u00dft auch die PUMA SAFETY Schuhe aus.<\/span>[\/vc_column_text][\/vc_column][\/vc_row][vc_section full_width=&#8220;stretch_row&#8220; css_animation=&#8220;fadeIn&#8220;][vc_row][vc_column width=&#8220;1\/6&#8243;][vc_single_image image=&#8220;6180&#8243; img_size=&#8220;full&#8220; alignment=&#8220;center&#8220;][\/vc_column][vc_column width=&#8220;5\/6&#8243;][vc_column_text]<span style=\"font-size: 24pt;\">Shoes For Crews\u00ae ist der Pionier und vertrauensw\u00fcrdige Marktf\u00fchrer im Bereich rutschhemmender Sicherheitsschuhe seit 1984.<\/span>[\/vc_column_text][\/vc_column][\/vc_row][vc_row css_animation=&#8220;fadeIn&#8220;][vc_column width=&#8220;1\/2&#8243;][vc_single_image image=&#8220;3980&#8243; img_size=&#8220;full&#8220;][\/vc_column][vc_column width=&#8220;1\/2&#8243;][vc_column_text]<\/p>\n<h2 style=\"text-align: center;\"><span style=\"font-size: 18pt;\">Wir bieten sichere Schuhe f\u00fcr jede Situtation<\/span><\/h2>\n<p>Erm\u00f6glichen Sie Ihrer Belegschaft den Schutz und Komfort, den sie verdienen, und <strong>reduzieren Sie Rutschunf\u00e4lle und Verletzungen um bis zu 80%<\/strong> mit unserer umfassenden Palette an strapazierf\u00e4higen, bequemen und modischen Sicherheitsschuhen.[\/vc_column_text][\/vc_column][\/vc_row][\/vc_section][vc_row full_width=&#8220;stretch_row&#8220; css_animation=&#8220;fadeIn&#8220;][vc_column][vc_column_text]<\/p>\n<h2 style=\"text-align: center;\"><span style=\"font-size: 18pt;\">Mit Stolz sind wir Partner f\u00fcr eine Vielzahl von Branchen weltweit<br \/>\n<\/span><\/h2>\n<p>[\/vc_column_text][vc_empty_space]<div class=\"vc-masonry-grid--grid \"><div class=\"vc-masonry-grid__grid\" style=\"padding: 10px\"><div style=\"text-align: center\" ><a hreflang=\"de\" href=\"\/de\/branchen\/militar-sicherheitsschuhe\/\" class=\"btn--image\" style=\"background-image: url(https:\/\/shoesforcrews-staging.boudig.uk\/de\/wp-content\/uploads\/2024\/11\/army-unit-with-safety-boots.jpg)\">Bundeswehr<\/a><\/div><\/div><div class=\"vc-masonry-grid__grid\" style=\"padding: 10px\"><div style=\"text-align: left\" ><a hreflang=\"de\" href=\"\/de\/einzelhandel-arbeitsschuhe\/\" class=\"btn--image\" style=\"background-image: url(https:\/\/shoesforcrews-staging.boudig.uk\/de\/wp-content\/uploads\/2022\/06\/retail-shoes-for-crews-medium.jpg)\">Einzelhandel<\/a><\/div><\/div><div class=\"vc-masonry-grid__grid\" style=\"padding: 10px\"><div style=\"text-align: left\" ><a hreflang=\"de\" href=\"\/de\/sicherheitsschuhe-fertigung-industrie\/\" class=\"btn--image\" style=\"background-image: url(https:\/\/shoesforcrews-staging.boudig.uk\/de\/wp-content\/uploads\/2022\/06\/manufacturing-food-production-shoe.jpg)\">Getr\u00e4nke- und Lebensmittelproduktion<\/a><\/div><\/div><div class=\"vc-masonry-grid__grid\" style=\"padding: 10px\"><div style=\"text-align: left\" ><a hreflang=\"de\" href=\"\/de\/gastgewerbe-restaurant-arbeitsschuhe\/\" class=\"btn--image\" style=\"background-image: url(https:\/\/shoesforcrews-staging.boudig.uk\/de\/wp-content\/uploads\/2022\/06\/hospitality-restaurant-footwear.jpg)\">Gastgewerbe<\/a><\/div><\/div><div class=\"vc-masonry-grid__grid\" style=\"padding: 10px\"><div style=\"text-align: left\" ><a hreflang=\"de\" href=\"\/de\/gesundheitswesen-arbeitsschuhe\/\" class=\"btn--image\" style=\"background-image: url(https:\/\/shoesforcrews-staging.boudig.uk\/de\/wp-content\/uploads\/2022\/06\/heathcare-medium2.jpg)\">Gesundheitswesen, Kinderg\u00e4rten und Altenheime<\/a><\/div><\/div><div class=\"vc-masonry-grid__grid\" style=\"padding: 10px\"><div style=\"text-align: left\" ><a hreflang=\"de\" href=\"\/de\/sicherheitsschuhe-logistik-zustellung\/\" class=\"btn--image\" style=\"background-image: url(https:\/\/shoesforcrews-staging.boudig.uk\/de\/wp-content\/uploads\/2022\/06\/pexels-courier2.jpg)\">Logistik, Post- und Kurierdienste<\/a><\/div><\/div><div class=\"vc-masonry-grid__grid\" style=\"padding: 10px\"><div style=\"text-align: left\" ><a hreflang=\"de\" href=\"\/de\/oeffentlicher-verkehr-sicherheitsschuhe\/\" class=\"btn--image\" style=\"background-image: url(https:\/\/shoesforcrews-staging.boudig.uk\/de\/wp-content\/uploads\/2022\/06\/public-transport2.jpg)\">\u00d6ffentlicher Verkehr<\/a><\/div><\/div><div class=\"vc-masonry-grid__grid\" style=\"padding: 10px\"><div style=\"text-align: left\" ><a hreflang=\"de\" href=\"\/de\/branchen\/einsatzstiefel-polizei\/\" class=\"btn--image\" style=\"background-image: url(https:\/\/shoesforcrews-staging.boudig.uk\/de\/wp-content\/uploads\/2024\/11\/police-officer-wearing-safety-boots.jpg)\">Polizei &amp; Sicherheit<\/a><\/div><\/div><div class=\"vc-masonry-grid__grid\" style=\"padding: 10px\"><div style=\"text-align: left\" ><a hreflang=\"de\" href=\"\/de\/rettungsdienst-sicherheitsschuhe\/\" class=\"btn--image\" style=\"background-image: url(https:\/\/shoesforcrews-staging.boudig.uk\/de\/wp-content\/uploads\/2022\/08\/paramedics-safety-shoes.jpg)\">Rettungsdienst<\/a><\/div><\/div><\/div>[\/vc_column][\/vc_row][vc_row full_width=&#8220;stretch_row&#8220; css_animation=&#8220;fadeIn&#8220;][vc_column]<div class=\"vc-masonry-grid--inline no-wrap\"><div class=\"vc-masonry-grid__grid\" style=\"padding: px\">[vc_single_image image=&#8220;1549&#8243; img_size=&#8220;medium&#8220;]<\/div><div class=\"vc-masonry-grid__grid\" style=\"padding: px\">[vc_single_image image=&#8220;3059&#8243; img_size=&#8220;medium&#8220; alignment=&#8220;center&#8220;]<\/div><div class=\"vc-masonry-grid__grid\" style=\"padding: px\">[vc_single_image image=&#8220;1551&#8243; img_size=&#8220;medium&#8220;]<\/div><div class=\"vc-masonry-grid__grid\" style=\"padding: px\">[vc_single_image image=&#8220;4018&#8243; img_size=&#8220;medium&#8220;]<\/div><\/div>[\/vc_column][\/vc_row][vc_row full_width=&#8220;stretch_row&#8220; css_animation=&#8220;fadeIn&#8220;][vc_column][vc_column_text]<\/p>\n<h2 style=\"text-align: center;\"><span style=\"font-size: 18pt;\">Neueste Blog-Beitr\u00e4ge<\/span><\/h2>\n<p>[\/vc_column_text][vc_empty_space]<div class=\"vc-latest-blogs\"><div class=\"blog-item\">\r\n    <a hreflang=\"de\" href=\"https:\/\/shoesforcrews-staging.boudig.uk\/de\/blog\/aufgaben-verkaeufer\/\" class=\"blog-item__inner\">\r\n        <div class=\"blog-item__thumbnail-container\">\r\n            <img decoding=\"async\" src=\"https:\/\/shoesforcrews-staging.boudig.uk\/de\/wp-content\/uploads\/2025\/09\/202508P2DE-featured-image.jpg\" class=\"blog-item__thumbnail\" alt=\"Der Kundenservice an der Kasse geh\u00f6rt zur t\u00e4glichen Aufgabe eines Verk\u00e4ufers\" \/>\r\n        <\/div>\r\n        <div class=\"blog-item__details\">\r\n            <h4>Aufgaben als Verk\u00e4ufer oder Verk\u00e4uferin \u2013 Mehr als nur Verkaufen und Kassieren<\/h4>\r\n            <p class=\"blog-item__date\">25 September 2025<\/p>\r\n            <p class=\"blog-item__excerpt\">Aufgaben von Verk\u00e4ufern sind vielseitig: Von Beratung \u00fcber Warenpflege bis zum sicheren Arbeitsumfeld.<\/p>\r\n        <\/div>\r\n    <\/a>\r\n<\/div><div class=\"blog-item\">\r\n    <a hreflang=\"de\" href=\"https:\/\/shoesforcrews-staging.boudig.uk\/de\/blog\/kellner-kleidung\/\" class=\"blog-item__inner\">\r\n        <div class=\"blog-item__thumbnail-container\">\r\n            <img decoding=\"async\" src=\"https:\/\/shoesforcrews-staging.boudig.uk\/de\/wp-content\/uploads\/2025\/09\/202508P1DE-featured-image.jpg\" class=\"blog-item__thumbnail\" alt=\"Stilvolle Kellnerkleidung f\u00fcr einen professionellen Auftritt\" \/>\r\n        <\/div>\r\n        <div class=\"blog-item__details\">\r\n            <h4>Kellner-Kleidung als Markenzeichen \u2013 So wirkt Ihr Team professionell<\/h4>\r\n            <p class=\"blog-item__date\">11 September 2025<\/p>\r\n            <p class=\"blog-item__excerpt\">So sorgt durchdachte Kellnerkleidung f\u00fcr einen starken Auftritt und Vertrauen bei Ihren G\u00e4sten.<\/p>\r\n        <\/div>\r\n    <\/a>\r\n<\/div><div class=\"blog-item\">\r\n    <a hreflang=\"de\" href=\"https:\/\/shoesforcrews-staging.boudig.uk\/de\/blog\/weise-sicherheitsschuhe\/\" class=\"blog-item__inner\">\r\n        <div class=\"blog-item__thumbnail-container\">\r\n            <img decoding=\"async\" src=\"https:\/\/shoesforcrews-staging.boudig.uk\/de\/wp-content\/uploads\/2025\/06\/202503P2UK-featured-image.jpg\" class=\"blog-item__thumbnail\" alt=\"Frauen in Schutzkleidung sortieren \u00c4pfel auf einem F\u00f6rderband.\" \/>\r\n        <\/div>\r\n        <div class=\"blog-item__details\">\r\n            <h4>Wei\u00dfe Sicherheitsschuhe von Shoes For Crews \u2013 die beste Wahl f\u00fcr maximale Hygiene<\/h4>\r\n            <p class=\"blog-item__date\">21 August 2025<\/p>\r\n            <p class=\"blog-item__excerpt\">Wei\u00dfe Sicherheitsschuhe von Shoes For Crews: F\u00fcr Hygiene, Komfort & Sicherheit am Arbeitsplatz.<\/p>\r\n        <\/div>\r\n    <\/a>\r\n<\/div><div class=\"blog-item\">\r\n    <a hreflang=\"de\" href=\"https:\/\/shoesforcrews-staging.boudig.uk\/de\/blog\/temperatur-arbeitsplatz\/\" class=\"blog-item__inner\">\r\n        <div class=\"blog-item__thumbnail-container\">\r\n            <img decoding=\"async\" src=\"https:\/\/shoesforcrews-staging.boudig.uk\/de\/wp-content\/uploads\/2025\/08\/202507P1DE-featured-image.jpg\" class=\"blog-item__thumbnail\" alt=\"Hohe Temperaturen beeinflussen k\u00f6rperliche und geistige Leistungsf\u00e4higkeit bei der Arbeit.\" \/>\r\n        <\/div>\r\n        <div class=\"blog-item__details\">\r\n            <h4>Warum die richtige Temperatur am Arbeitsplatz so wichtig ist<\/h4>\r\n            <p class=\"blog-item__date\">7 August 2025<\/p>\r\n            <p class=\"blog-item__excerpt\">Optimale Temperatur am Arbeitsplatz: F\u00fcr Gesundheit, Sicherheit und Leistung unverzichtbar.<\/p>\r\n        <\/div>\r\n    <\/a>\r\n<\/div><\/div>[\/vc_column][\/vc_row][vc_row][vc_column]<div class=\"sfc-image-carousel image-carousel\" data-slick='{\"slidesToShow\": 1, \"slidesToScroll\": 1, \"speed\": 2500, \"swipeToSlide\": true, \"arrows\": true, \"dots\": true}' ><div class='vc_item'><img decoding=\"async\" src=\"https:\/\/shoesforcrews-staging.boudig.uk\/de\/wp-content\/uploads\/2025\/01\/V1_DE_Internorga_2025_Website_Banner_1200x330px_20-12-24.webp\" class=\"sfc-image-carousel__image\" \/><\/div><\/div>[\/vc_column][\/vc_row]<\/p>\n","protected":false},"excerpt":{"rendered":"<p>[vc_row full_width=&#8220;stretch_row&#8220; css=&#8220;.vc_custom_1763046831841{background-color: #eaebe2 !important;}&#8220;][vc_column width=&#8220;1\/3&#8243;][\/vc_column][vc_column width=&#8220;1\/3&#8243;][\/vc_column][vc_column width=&#8220;1\/3&#8243;][\/vc_column][\/vc_row][vc_section full_width=&#8220;stretch_row&#8220; css=&#8220;.vc_custom_1704276458543{background-position: center !important;background-repeat: no-repeat !important;background-size: cover !important;}&#8220;][vc_row css_animation=&#8220;fadeIn&#8220;][vc_column][vc_column_text] Sicherheit, Mode, Komfort den ganzen Tag lang &#8211; jeden Tag in anspruchsvollen Arbeitssituationen. [\/vc_column_text][vc_single_image image=&#8220;3794&#8243; img_size=&#8220;full&#8220; alignment=&#8220;center&#8220;][\/vc_column][\/vc_row][\/vc_section][vc_row full_width=&#8220;stretch_row&#8220; gap=&#8220;2&#8243; css_animation=&#8220;fadeIn&#8220; css=&#8220;.vc_custom_1763046836595{margin-top: 3% !important;}&#8220;][vc_column width=&#8220;1\/2&#8243;][vc_column_text] Testen Sie unsere Schuhe!* Kontaktieren Sie unsere Experten Unsere Fachkr\u00e4fte beraten Sie sachkundig und [&hellip;]<\/p>\n","protected":false},"author":1,"featured_media":0,"parent":0,"menu_order":1,"comment_status":"closed","ping_status":"closed","template":"tpl-landing-page.php","meta":{"content-type":"","footnotes":""},"class_list":["post-7","page","type-page","status-publish","hentry"],"yoast_head":"<!-- This site is optimized with the Yoast SEO plugin v25.6 - https:\/\/yoast.com\/wordpress\/plugins\/seo\/ -->\n<title>F\u00fchrendes Unternehmen f\u00fcr Arbeits- und Sicherheitsschuhe | SFC<\/title>\n<meta name=\"description\" content=\"Mit Shoes For Crews \u2013 dem f\u00fchrenden Hersteller rutschhemmender Schuhe \u2013 finden Sie die besten Sicherheitsschuhe f\u00fcr Ihre Besch\u00e4ftigten.\" \/>\n<meta name=\"robots\" content=\"noindex, follow, max-snippet:-1, max-image-preview:large, max-video-preview:-1\" \/>\n<meta property=\"og:locale\" content=\"de_DE\" \/>\n<meta property=\"og:type\" content=\"article\" \/>\n<meta property=\"og:title\" content=\"F\u00fchrendes Unternehmen f\u00fcr Arbeits- und Sicherheitsschuhe | SFC\" \/>\n<meta property=\"og:description\" content=\"Mit Shoes For Crews \u2013 dem f\u00fchrenden Hersteller rutschhemmender Schuhe \u2013 finden Sie die besten Sicherheitsschuhe f\u00fcr Ihre Besch\u00e4ftigten.\" \/>\n<meta property=\"og:url\" content=\"https:\/\/shoesforcrews-staging.boudig.uk\/de\/\" \/>\n<meta property=\"og:site_name\" content=\"Shoes For Crews DE\" \/>\n<meta property=\"article:modified_time\" content=\"2025-11-19T16:48:16+00:00\" \/>\n<meta name=\"twitter:card\" content=\"summary_large_image\" \/>\n<meta name=\"twitter:label1\" content=\"Gesch\u00e4tzte Lesezeit\" \/>\n\t<meta name=\"twitter:data1\" content=\"2\u00a0Minuten\" \/>\n<script type=\"application\/ld+json\" class=\"yoast-schema-graph\">{\"@context\":\"https:\/\/schema.org\",\"@graph\":[{\"@type\":\"WebPage\",\"@id\":\"https:\/\/shoesforcrews-staging.boudig.uk\/de\/\",\"url\":\"https:\/\/shoesforcrews-staging.boudig.uk\/de\/\",\"name\":\"F\u00fchrendes Unternehmen f\u00fcr Arbeits- und Sicherheitsschuhe | SFC\",\"isPartOf\":{\"@id\":\"https:\/\/shoesforcrews-staging.boudig.uk\/de\/#website\"},\"datePublished\":\"2022-06-29T22:15:03+00:00\",\"dateModified\":\"2025-11-19T16:48:16+00:00\",\"description\":\"Mit Shoes For Crews \u2013 dem f\u00fchrenden Hersteller rutschhemmender Schuhe \u2013 finden Sie die besten Sicherheitsschuhe f\u00fcr Ihre Besch\u00e4ftigten.\",\"breadcrumb\":{\"@id\":\"https:\/\/shoesforcrews-staging.boudig.uk\/de\/#breadcrumb\"},\"inLanguage\":\"de\",\"potentialAction\":[{\"@type\":\"ReadAction\",\"target\":[\"https:\/\/shoesforcrews-staging.boudig.uk\/de\/\"]}]},{\"@type\":\"BreadcrumbList\",\"@id\":\"https:\/\/shoesforcrews-staging.boudig.uk\/de\/#breadcrumb\",\"itemListElement\":[{\"@type\":\"ListItem\",\"position\":1,\"name\":\"Zur\u00fcck\",\"item\":\"https:\/\/shoesforcrews-staging.boudig.uk\/de\/blog-gesundheit-sicherheit\/\"},{\"@type\":\"ListItem\",\"position\":2,\"name\":\"Homepage\"}]},{\"@type\":\"WebSite\",\"@id\":\"https:\/\/shoesforcrews-staging.boudig.uk\/de\/#website\",\"url\":\"https:\/\/shoesforcrews-staging.boudig.uk\/de\/\",\"name\":\"Shoes For Crews DE\",\"description\":\"\",\"publisher\":{\"@id\":\"https:\/\/shoesforcrews-staging.boudig.uk\/de\/#organization\"},\"potentialAction\":[{\"@type\":\"SearchAction\",\"target\":{\"@type\":\"EntryPoint\",\"urlTemplate\":\"https:\/\/shoesforcrews-staging.boudig.uk\/de\/?s={search_term_string}\"},\"query-input\":{\"@type\":\"PropertyValueSpecification\",\"valueRequired\":true,\"valueName\":\"search_term_string\"}}],\"inLanguage\":\"de\"},{\"@type\":\"Organization\",\"@id\":\"https:\/\/shoesforcrews-staging.boudig.uk\/de\/#organization\",\"name\":\"Shoes For Crews DE\",\"url\":\"https:\/\/shoesforcrews-staging.boudig.uk\/de\/\",\"logo\":{\"@type\":\"ImageObject\",\"inLanguage\":\"de\",\"@id\":\"https:\/\/shoesforcrews-staging.boudig.uk\/de\/#\/schema\/logo\/image\/\",\"url\":\"https:\/\/shoesforcrews-staging.boudig.uk\/de\/wp-content\/uploads\/2024\/09\/SFC-logo-blue-1.jpg\",\"contentUrl\":\"https:\/\/shoesforcrews-staging.boudig.uk\/de\/wp-content\/uploads\/2024\/09\/SFC-logo-blue-1.jpg\",\"caption\":\"Shoes For Crews DE\"},\"image\":{\"@id\":\"https:\/\/shoesforcrews-staging.boudig.uk\/de\/#\/schema\/logo\/image\/\"}}]}<\/script>\n<!-- \/ Yoast SEO plugin. -->","yoast_head_json":{"title":"F\u00fchrendes Unternehmen f\u00fcr Arbeits- und Sicherheitsschuhe | SFC","description":"Mit Shoes For Crews \u2013 dem f\u00fchrenden Hersteller rutschhemmender Schuhe \u2013 finden Sie die besten Sicherheitsschuhe f\u00fcr Ihre Besch\u00e4ftigten.","robots":{"index":"noindex","follow":"follow","max-snippet":"max-snippet:-1","max-image-preview":"max-image-preview:large","max-video-preview":"max-video-preview:-1"},"og_locale":"de_DE","og_type":"article","og_title":"F\u00fchrendes Unternehmen f\u00fcr Arbeits- und Sicherheitsschuhe | SFC","og_description":"Mit Shoes For Crews \u2013 dem f\u00fchrenden Hersteller rutschhemmender Schuhe \u2013 finden Sie die besten Sicherheitsschuhe f\u00fcr Ihre Besch\u00e4ftigten.","og_url":"https:\/\/shoesforcrews-staging.boudig.uk\/de\/","og_site_name":"Shoes For Crews DE","article_modified_time":"2025-11-19T16:48:16+00:00","twitter_card":"summary_large_image","twitter_misc":{"Gesch\u00e4tzte Lesezeit":"2\u00a0Minuten"},"schema":{"@context":"https:\/\/schema.org","@graph":[{"@type":"WebPage","@id":"https:\/\/shoesforcrews-staging.boudig.uk\/de\/","url":"https:\/\/shoesforcrews-staging.boudig.uk\/de\/","name":"F\u00fchrendes Unternehmen f\u00fcr Arbeits- und Sicherheitsschuhe | SFC","isPartOf":{"@id":"https:\/\/shoesforcrews-staging.boudig.uk\/de\/#website"},"datePublished":"2022-06-29T22:15:03+00:00","dateModified":"2025-11-19T16:48:16+00:00","description":"Mit Shoes For Crews \u2013 dem f\u00fchrenden Hersteller rutschhemmender Schuhe \u2013 finden Sie die besten Sicherheitsschuhe f\u00fcr Ihre Besch\u00e4ftigten.","breadcrumb":{"@id":"https:\/\/shoesforcrews-staging.boudig.uk\/de\/#breadcrumb"},"inLanguage":"de","potentialAction":[{"@type":"ReadAction","target":["https:\/\/shoesforcrews-staging.boudig.uk\/de\/"]}]},{"@type":"BreadcrumbList","@id":"https:\/\/shoesforcrews-staging.boudig.uk\/de\/#breadcrumb","itemListElement":[{"@type":"ListItem","position":1,"name":"Zur\u00fcck","item":"https:\/\/shoesforcrews-staging.boudig.uk\/de\/blog-gesundheit-sicherheit\/"},{"@type":"ListItem","position":2,"name":"Homepage"}]},{"@type":"WebSite","@id":"https:\/\/shoesforcrews-staging.boudig.uk\/de\/#website","url":"https:\/\/shoesforcrews-staging.boudig.uk\/de\/","name":"Shoes For Crews DE","description":"","publisher":{"@id":"https:\/\/shoesforcrews-staging.boudig.uk\/de\/#organization"},"potentialAction":[{"@type":"SearchAction","target":{"@type":"EntryPoint","urlTemplate":"https:\/\/shoesforcrews-staging.boudig.uk\/de\/?s={search_term_string}"},"query-input":{"@type":"PropertyValueSpecification","valueRequired":true,"valueName":"search_term_string"}}],"inLanguage":"de"},{"@type":"Organization","@id":"https:\/\/shoesforcrews-staging.boudig.uk\/de\/#organization","name":"Shoes For Crews DE","url":"https:\/\/shoesforcrews-staging.boudig.uk\/de\/","logo":{"@type":"ImageObject","inLanguage":"de","@id":"https:\/\/shoesforcrews-staging.boudig.uk\/de\/#\/schema\/logo\/image\/","url":"https:\/\/shoesforcrews-staging.boudig.uk\/de\/wp-content\/uploads\/2024\/09\/SFC-logo-blue-1.jpg","contentUrl":"https:\/\/shoesforcrews-staging.boudig.uk\/de\/wp-content\/uploads\/2024\/09\/SFC-logo-blue-1.jpg","caption":"Shoes For Crews DE"},"image":{"@id":"https:\/\/shoesforcrews-staging.boudig.uk\/de\/#\/schema\/logo\/image\/"}}]}},"_links":{"self":[{"href":"https:\/\/shoesforcrews-staging.boudig.uk\/de\/wp-json\/wp\/v2\/pages\/7"}],"collection":[{"href":"https:\/\/shoesforcrews-staging.boudig.uk\/de\/wp-json\/wp\/v2\/pages"}],"about":[{"href":"https:\/\/shoesforcrews-staging.boudig.uk\/de\/wp-json\/wp\/v2\/types\/page"}],"author":[{"embeddable":true,"href":"https:\/\/shoesforcrews-staging.boudig.uk\/de\/wp-json\/wp\/v2\/users\/1"}],"replies":[{"embeddable":true,"href":"https:\/\/shoesforcrews-staging.boudig.uk\/de\/wp-json\/wp\/v2\/comments?post=7"}],"version-history":[{"count":84,"href":"https:\/\/shoesforcrews-staging.boudig.uk\/de\/wp-json\/wp\/v2\/pages\/7\/revisions"}],"predecessor-version":[{"id":2129,"href":"https:\/\/shoesforcrews-staging.boudig.uk\/de\/wp-json\/wp\/v2\/pages\/7\/revisions\/2129"}],"wp:attachment":[{"href":"https:\/\/shoesforcrews-staging.boudig.uk\/de\/wp-json\/wp\/v2\/media?parent=7"}],"curies":[{"name":"wp","href":"https:\/\/api.w.org\/{rel}","templated":true}]}}